{"id":4800,"date":"2022-01-25T09:51:06","date_gmt":"2022-01-25T08:51:06","guid":{"rendered":"https:\/\/rmieuropa.com\/?page_id=4800"},"modified":"2022-02-15T10:04:57","modified_gmt":"2022-02-15T09:04:57","slug":"la-nostra-congregazione","status":"publish","type":"page","link":"https:\/\/www.rmieuropa.com\/it\/chi-siamo\/la-nostra-congregazione\/","title":{"rendered":"La nostra congregazione"},"content":{"rendered":"<div class=\"wpb-content-wrapper\"><p>[vc_row full_width=&#8221;stretch_row_content_no_spaces&#8221; equal_height=&#8221;yes&#8221; css=&#8221;.vc_custom_1561730733956{background-color: #004272 !important;}&#8221;][vc_column width=&#8221;2\/3&#8243; el_class=&#8221;px-3 pl-lg-6&#8243; css=&#8221;.vc_custom_1561730715795{padding-right: 10% !important;padding-left: 10% !important;}&#8221;][vc_empty_space]    <div class=\"rmi-title text-white\">\n                    <div class=\"rmi-subtitle\">La congregazione<\/div>\n                <h2>RELIGIOSE DI MARIA IMMACOLATA<\/h2>\n\n    <\/div>\n    [vc_empty_space][vc_column_text el_class=&#8221;text-white&#8221;]Siamo una Congregazione religiosa della Chiesa cattolica fondata a Madrid nel 1876 per iniziativa di una giovane donna spagnola: Santa Vincenza Maria L\u00f3pez Vicu\u00f1a.<\/p>\n<ul>\n<li>La nostra Congregazione \u00e8 nata in risposta al bisogno delle ragazze che si spostavano dalla campagna verso la citt\u00e0 alla ricerca di un lavoro e che si ritrovavano senza dimora e senza alcun mezzo di sussistenza.<\/li>\n<li>Ancora oggi, continuiamo ad accogliere le adolescenti e le giovani nei nostri Collegi, nei Centri di Promozione Sociale, nelle case di accoglienza, nelle scuole professionali e in altre missioni apostoliche, accompagnandole nel loro processo di crescita personale, curandone ogni aspetto, affinch\u00e9 trovino il proprio cammino di vita e scoprano il proprio ruolo nella societ\u00e0.<\/li>\n<li>A coloro che lo desiderano, offriamo anche la possibilit\u00e0 di cresce e maturare nel proprio cammino di fede cattolica.<\/li>\n<\/ul>\n<p>[\/vc_column_text]    <div class=\"rmi-buttons \">\n        <a class=\"btn btn-rmi-pink\" href=\"https:\/\/rmieuropa.com\/chi-siamo\/diventare-rmi-giornata-tipo\/?lang=it\" title=\"DIVENTARE RMI\" >DIVENTARE RMI<\/a>    <\/div>\n    [vc_empty_space][\/vc_column][vc_column width=&#8221;1\/3&#8243; css=&#8221;.vc_custom_1596726555792{background-image: url(https:\/\/rmieuropa.com\/wp-content\/uploads\/2019\/06\/about_bg_fondatrice.jpg?id=150) !important;}&#8221; el_class=&#8221;text-white&#8221;][vc_row_inner content_placement=&#8221;middle&#8221; css=&#8221;.vc_custom_1561730622223{padding-bottom: 50px !important;}&#8221;][vc_column_inner css=&#8221;.vc_custom_1640944743682{padding-left: 20% !important;}&#8221; offset=&#8221;vc_col-md-6&#8243;]    <div class=\"rmi-title text-white\">\n                    <div class=\"rmi-subtitle\">Fondatrice<\/div>\n                <h2>SANTA VINCENZA MARIA L\u00d3PEZ VICU\u00d1A<\/h2>\n\n    <\/div>\n    [vc_column_text]<\/p>\n<h2><em><span style=\"font-size: 18.0pt; font-family: 'Calibri',sans-serif;\">&#8220;A Dio solo, io appartengo\u201d<\/span><\/em><\/h2>\n<p>Fondatrice delle Religiose di Maria Immacolata, \u00e8 nata a Cascante (Navarra, Spagna), in piena \u201crivoluzione industriale\u201d[\/vc_column_text]    <div class=\"rmi-buttons \">\n        <a class=\"btn btn-rmi-pink\" href=\"https:\/\/rmieuropa.com\/it\/chi-siamo\/fondatrice\/\" title=\"PER SAPERNE DI PI\u00d9\" >PER SAPERNE DI PI\u00d9<\/a>    <\/div>\n    [\/vc_column_inner][vc_column_inner offset=&#8221;vc_col-md-6&#8243;][vc_single_image image=&#8221;3623&#8243; img_size=&#8221;full&#8221; alignment=&#8221;right&#8221;][\/vc_column_inner][\/vc_row_inner][\/vc_column][\/vc_row][vc_row el_class=&#8221;py-3&#8243;][vc_column]    <div class=\"rmi-title \">\n                    <div class=\"rmi-subtitle\">LA NOSTRA VITA<\/div>\n                <h2>I NOSTRI PILASTRI<\/h2>\n\n    <\/div>\n    [vc_row_inner equal_height=&#8221;yes&#8221;][vc_column_inner width=&#8221;1\/3&#8243; css=&#8221;.vc_custom_1640946515026{margin-top: 30px !important;border-left-width: 1px !important;padding-bottom: 30px !important;border-left-color: #e5e5e5 !important;border-left-style: solid !important;}&#8221;][vc_single_image image=&#8221;130&#8243; img_size=&#8221;full&#8221; el_class=&#8221;pilars-img1&#8243;][vc_column_text el_class=&#8221;column-text-it&#8221;]<\/p>\n<h3>Vita spirituale<\/h3>\n<p>Cristo \u00e8 il centro della nostra vita.<br \/>\n\u00c8 da lui, in particolare attraverso i Sacramenti e l\u2019Adorazione eucaristica, che attingiamo la forza e l\u2019Amore per compiere la nostra Missione.<br \/>\nLa Vergine Maria \u00e8 nostra Madre, nostro modello e nostra guida.[\/vc_column_text][vc_column_text]<span style=\"color: #1681cc;\">\u201cPrima di ogni cosa, Signore, desidero imitarti nella tua continua preghiera\u2026\u201d<\/span><br \/>\n<span style=\"color: #1681cc;\">Santa Vincenza Maria<\/span>[\/vc_column_text][\/vc_column_inner][vc_column_inner width=&#8221;1\/3&#8243; css=&#8221;.vc_custom_1640946520023{margin-top: 30px !important;border-left-width: 1px !important;padding-bottom: 100px !important;border-left-color: #e5e5e5 !important;border-left-style: solid !important;}&#8221;][vc_single_image image=&#8221;1624&#8243; img_size=&#8221;full&#8221; el_class=&#8221;pilars-img2&#8243;][vc_column_text el_class=&#8221;column-text-it&#8221;]<\/p>\n<h3>Vita fraterna<\/h3>\n<p>Condividiamo la nostra fede e la nostra missione, in una vita comunitaria semplice, familiare e gioiosa.[\/vc_column_text][vc_empty_space height=&#8221;120px&#8221;][vc_column_text]<span style=\"color: #1681cc;\">\u201cPossa la carit\u00e0 esemplare e l\u2019unione regnare tra voi\u201d<\/span><br \/>\n<span style=\"color: #1681cc;\">Santa Vincenza Maria<\/span>[\/vc_column_text][\/vc_column_inner][vc_column_inner width=&#8221;1\/3&#8243; css=&#8221;.vc_custom_1640946525780{margin-top: 30px !important;border-left-width: 1px !important;padding-bottom: 30px !important;border-left-color: #e5e5e5 !important;border-left-style: solid !important;}&#8221;][vc_single_image image=&#8221;134&#8243; img_size=&#8221;full&#8221; el_class=&#8221;pilars-img3&#8243;][vc_column_text el_class=&#8221;column-text-it&#8221;]<\/p>\n<h3>Vita apostolica<\/h3>\n<p>Il nostro apostolato \u00e8 orientato verso la formazione integrale ed evangelizzazione delle ragazze, attraverso l\u2019accoglienza, la presenza, l\u2019ascolto e l\u2019accompagnamento (nei collegi, centri di ascolto, scuole, parrocchie, missioni, campi estivi&#8230;).[\/vc_column_text][vc_column_text]<span style=\"color: #1681cc;\">\u201cQuello che desidero, mio Dio, \u00e8 lavorare duramente affinch\u00e9 queste giovani vivano nel Bene e siano salvate\u201d<\/span><br \/>\n<span style=\"color: #1681cc;\">Santa Vincenza Maria<\/span>[\/vc_column_text][\/vc_column_inner][\/vc_row_inner][\/vc_column][\/vc_row][vc_row full_width=&#8221;stretch_row&#8221; el_class=&#8221;py-3&#8243; css=&#8221;.vc_custom_1561557138831{background-color: #f5f5f5 !important;}&#8221;][vc_column width=&#8221;7\/12&#8243; css=&#8221;.vc_custom_1561557768823{padding-right: 10% !important;}&#8221;]    <div class=\"rmi-title \">\n                    <div class=\"rmi-subtitle\">NOI<\/div>\n                <h2>CARISMA E SPIRITUALIT\u00c0<\/h2>\n\n    <\/div>\n    [vc_column_text css=&#8221;.vc_custom_1616685216953{margin-bottom: 70px !important;padding-top: 10px !important;}&#8221;]<\/p>\n<p style=\"color: #9e9d9d; font-size: 18px;\">Alla ricerca della nostra santificazione e di quella delle ragazze, vogliamo essere per loro strumenti della Tenerezza e della Misericordia di Dio.<\/p>\n<p>[\/vc_column_text][vc_column_text]<\/p>\n<h3><strong>CARISMA<\/strong><\/h3>\n<p>Il nostro Carisma \u00e8 \u201cla santificazione e la salvezza delle ragazze attraverso l\u2019amore, affrontando le sfide di oggi e mettendo in pratica tutti i mezzi che l\u2019esperienza offrir\u00e0 per il bene maggiore delle giovani\u201d (Const. 1882 [236]).<\/p>\n<p>Cerchiamo di \u201cestrarre il bene da ogni tipo di male esistente nel mondo e nell\u2019uomo (DM 6)\u201d con una pedagogia preventiva che scaturisce dall\u2019amore misericordioso di Dio.<\/p>\n<p>&nbsp;<\/p>\n<h3><strong>SPIRITUALIT\u00c0<\/strong><\/h3>\n<p>La nostra fondatrice Santa Vincenza Maria L\u00f3pez Vicu\u00f1a (1847-1890) ha ricevuto un Carisma che \u00e8 ancora vivo nei cuori di circa 1000 suore:<\/p>\n<style type=\"text\/css\">\nli{margin-top:10px;}<br \/><\/style>\n<ul>\n<li>Ricerca e realizzazione della <em>VOLONT\u00c0 DI DIO<\/em><\/li>\n<li><em>CARIT\u00c0 FRATERNA<\/em><\/li>\n<li><em>OBBEDIENZA<\/em> come espressione della Fede e dell\u2019Amore<\/li>\n<li><em>ENTUSIASMO APOSTOLICO<\/em> per l\u2019Evangelizzazione e la Santificazione delle giovani<\/li>\n<li>Unione a Cristo attraverso la <em>PREGHIERA<\/em><\/li>\n<li>Amore per l\u2019<em>EUCARISTIA<\/em>, sorgente della nostra Carit\u00e0 e centro della nostra vita spirituale, comunitaria e apostolica<\/li>\n<li>Unione alla <em>VERGINE MARIA<\/em>, quale Madre, guida e protettrice principale del nostro Istituto<\/li>\n<\/ul>\n<p>[\/vc_column_text][\/vc_column][vc_column width=&#8221;5\/12&#8243; css=&#8221;.vc_custom_1561557656076{padding-right: 10% !important;padding-left: 10% !important;background-color: #1681cc !important;}&#8221;][vc_single_image image=&#8221;3529&#8243; img_size=&#8221;full&#8221; alignment=&#8221;center&#8221; onclick=&#8221;link_image&#8221;][vc_column_text el_class=&#8221;text-white&#8221;]S T E M M A \u00a0 R M I<\/p>\n<p><em>Significato dello stemma tradizionale della Congregazione delle Religiose di Maria Immacolata:<\/em><\/p>\n<p>Nella parte inferiore, appare un <strong>mare agitato<\/strong> che rappresenta i molti pericoli del mondo.<br \/>\nIn mezzo a questo mare emerge <strong>una roccia<\/strong> (che \u00e8 la Congregazione stessa, fondata sulla roccia che \u00e8 Cristo), formata da <strong>7 blocchi<\/strong> che rappresentano le 7 virt\u00f9 (teologali e cardinali). Questa roccia (dove le ragazze possono rifugiarsi) resiste all&#8217;assalto delle <strong>onde<\/strong>.<br \/>\nSopra, sorge <strong>un giglio<\/strong>, simbolo di purezza, sormontato dal grande <strong>monogramma di Maria<\/strong> (A M &#8211; le iniziali di Ave Maria), circondato da <strong>12 stelle<\/strong>. La Vergine Maria \u00e8 la principale protettrice della Congregazione e di tutte le giovani che ad essa ricorrono.<\/p>\n<p>Oggi come ieri vogliamo aiutare i giovani ad affrontare gli assalti della vita, i tanti pericoli che ancora oggi possono mettere in pericolo la loro vita o la loro anima.[\/vc_column_text][\/vc_column][\/vc_row][vc_row][vc_column][vc_column_text]La Congregazione porta il sigillo della <strong>SPIRITUALIT\u00c0 IGNAZIANA<\/strong>, assimilata da Vincenza Maria negli Esercizi Spirituali che hanno forgiato il suo spirito:<\/p>\n<p><strong>CONTEMPLATIVE NELL\u2019AZIONE<\/strong>, GES\u00d9 \u00c8 IL SENSO DELLA NOSTRA VITA.<br \/>\nCerchiamo e ci impegniamo a trovare Dio in ogni cosa, tenendo uno sguardo di fede sulla realt\u00e0 e mantenendo un atteggiamento di ringraziamento permanente.<\/p>\n<p><strong>SPIRITUALIT\u00c0 dell\u2019INCARNAZIONE<\/strong>.<br \/>\nCi sentiamo unite allo sguardo compassionevole della Trinit\u00e0 che contempla il mondo per salvarlo e vogliamo identificarci con un Ges\u00f9 \u201cpovero e umile\u201d per amore, nel mistero dell\u2019Incarnazione<\/p>\n<p><strong>SPIRITUALIT\u00c0 MARIANA<\/strong>, in particolare nella contemplazione del Mistero dell\u2019Immacolata Concezione. Maria, modello femminile, \u201cpreservata per Grazia di Dio\u201d, \u00e8 l\u2019ispirazione della nostra pedagogia di prevenzione e conservazione.<\/p>\n<p>L\u2019<strong>EUCARISTIA<\/strong> \u00e8 l\u2019essenza e la radice della nostra vita e della nostra azione apostolica e contemplativa. Da questa, noi traiamo la forza di vivere la comunione e la carit\u00e0.[\/vc_column_text][\/vc_column][\/vc_row][vc_row full_width=&#8221;stretch_row&#8221; el_class=&#8221;py-3&#8243; css=&#8221;.vc_custom_1622826835776{margin-bottom: 30px !important;background-color: #f5f5f5 !important;}&#8221; el_id=&#8221;molavim&#8221;][vc_column][vc_row_inner css=&#8221;.vc_custom_1622826731169{padding-top: 10px !important;background-color: #f5f5f5 !important;}&#8221;][vc_column_inner width=&#8221;1\/3&#8243; offset=&#8221;vc_hidden-xs&#8221;][vc_single_image image=&#8221;2168&#8243; img_size=&#8221;full&#8221;][\/vc_column_inner][vc_column_inner width=&#8221;2\/3&#8243; css=&#8221;.vc_custom_1561558159801{padding-right: 10% !important;padding-left: 10% !important;}&#8221;]    <div class=\"rmi-title \">\n                    <div class=\"rmi-subtitle\">LAICI ASSOCIATI<\/div>\n                <h2>MOLAVIM<\/h2>\n\n    <\/div>\n    [vc_column_text css=&#8221;.vc_custom_1561558283409{padding-top: 10px !important;}&#8221;]<\/p>\n<p style=\"color: #9e9d9d; font-size: 18px;\">Il Movimento Laico Vincenza Maria (MOLAVIM) condivide la nostra Spiritualit\u00e0 e la nostra Missione di servizio ed evangelizzazione delle ragazze.<\/p>\n<p>[\/vc_column_text][vc_column_text]I membri del \u201cMovimento Laico Vincenza Maria\u201d (MOLAVIM), appartengono alla \u201cgrande famiglia di Santa Vincenza Maria\u201d e condividono con le Religiose di Maria Immacolata la stessa spiritualit\u00e0 e la stessa missione di servizio ed evangelizzazione per le giovani.<\/p>\n<p>Il Movimento \u00e8 stato approvato dalla Santa Sede l\u20198 settembre 2005, ma occorre risalire alla met\u00e0 del XIX secolo per scoprire le sue origini, nell\u2019azione a favore dei giovani di due fratelli e sorelle: Manuel Maria e Maria Eulalia Vicu\u00f1a, zio e zia di Vincenza Maria.<\/p>\n<p>I membri del MOLAVIM, in quanto laici impegnati nella Chiesa, sentono la chiamata a rispondere alla vocazione battesimale attraverso il carisma di Santa Vincenza Maria.<\/p>\n<p>Le opere della Congregazione delle RELIGIOSE DI MARIA IMMACOLATA (RMI) rappresentano il punto di riferimento per il loro impegno e la loro testimonianza della vita cristiana, che si concretizza anche in altri campi ecclesiali e sociali: famiglie, parrocchia, lavoro ecc.<\/p>\n<p>Partecipano alla missione delle RMI a favore delle giovani, cercando di comprendere sempre meglio la realt\u00e0 all\u2019interno della quale vivono, accompagnandole nel loro percorso di vita, valorizzando i loro talenti e aiutando ogni ragazza a crescere nella fede.[\/vc_column_text]    <div class=\"rmi-buttons \">\n        <a class=\"btn btn-rmi-blue\" href=\"https:\/\/rmieuropa.com\/contatti\/?lang=it&servicename=Diventare%20MOLAVIM\" title=\"DIVENTARE MOLAVIM\" >DIVENTARE MOLAVIM<\/a>    <\/div>\n    [\/vc_column_inner][\/vc_row_inner][\/vc_column][\/vc_row]<\/p>\n<\/div>","protected":false},"excerpt":{"rendered":"<p>[vc_row full_width=&#8221;stretch_row_content_no_spaces&#8221; equal_height=&#8221;yes&#8221; css=&#8221;.vc_custom_1561730733956{background-color: #004272 !important;}&#8221;][vc_column width=&#8221;2\/3&#8243; el_class=&#8221;px-3 pl-lg-6&#8243; css=&#8221;.vc_custom_1561730715795{padding-right: 10% !important;padding-left: 10% !important;}&#8221;][vc_empty_space][vc_empty_space][vc_column_text el_class=&#8221;text-white&#8221;]Siamo una Congregazione religiosa della Chiesa cattolica fondata a Madrid nel 1876 per iniziativa di una giovane donna spagnola: Santa Vincenza Maria L\u00f3pez Vicu\u00f1a. La nostra Congregazione \u00e8 nata in risposta al bisogno delle ragazze che si spostavano dalla campagna verso [&hellip;]<\/p>\n","protected":false},"author":1,"featured_media":3799,"parent":4803,"menu_order":0,"comment_status":"closed","ping_status":"closed","template":"","meta":{"_acf_changed":false,"footnotes":""},"class_list":["post-4800","page","type-page","status-publish","has-post-thumbnail","hentry"],"acf":[],"yoast_head":"<!-- This site is optimized with the Yoast SEO plugin v25.4 - https:\/\/yoast.com\/wordpress\/plugins\/seo\/ -->\n<title>La nostra congregazione - Religiose di Maria Immacolata<\/title>\n<meta name=\"robots\" content=\"index, follow, max-snippet:-1, max-image-preview:large, max-video-preview:-1\" \/>\n<link rel=\"canonical\" href=\"https:\/\/www.rmieuropa.com\/it\/chi-siamo\/la-nostra-congregazione\/\" \/>\n<meta property=\"og:locale\" content=\"it_IT\" \/>\n<meta property=\"og:type\" content=\"article\" \/>\n<meta property=\"og:title\" content=\"La nostra congregazione - Religiose di Maria Immacolata\" \/>\n<meta property=\"og:description\" content=\"[vc_row full_width=&#8221;stretch_row_content_no_spaces&#8221; equal_height=&#8221;yes&#8221; css=&#8221;.vc_custom_1561730733956{background-color: #004272 !important;}&#8221;][vc_column width=&#8221;2\/3&#8243; el_class=&#8221;px-3 pl-lg-6&#8243; css=&#8221;.vc_custom_1561730715795{padding-right: 10% !important;padding-left: 10% !important;}&#8221;][vc_empty_space][vc_empty_space][vc_column_text el_class=&#8221;text-white&#8221;]Siamo una Congregazione religiosa della Chiesa cattolica fondata a Madrid nel 1876 per iniziativa di una giovane donna spagnola: Santa Vincenza Maria L\u00f3pez Vicu\u00f1a. La nostra Congregazione \u00e8 nata in risposta al bisogno delle ragazze che si spostavano dalla campagna verso [&hellip;]\" \/>\n<meta property=\"og:url\" content=\"https:\/\/www.rmieuropa.com\/it\/chi-siamo\/la-nostra-congregazione\/\" \/>\n<meta property=\"og:site_name\" content=\"Religieuses de Marie Immacul\u00e9e\" \/>\n<meta property=\"article:modified_time\" content=\"2022-02-15T09:04:57+00:00\" \/>\n<meta property=\"og:image\" content=\"https:\/\/www.rmieuropa.com\/wp-content\/uploads\/2021\/11\/lake-2-e1636124417892.jpg\" \/>\n\t<meta property=\"og:image:width\" content=\"1920\" \/>\n\t<meta property=\"og:image:height\" content=\"783\" \/>\n\t<meta property=\"og:image:type\" content=\"image\/jpeg\" \/>\n<meta name=\"twitter:card\" content=\"summary_large_image\" \/>\n<meta name=\"twitter:label1\" content=\"Tempo di lettura stimato\" \/>\n\t<meta name=\"twitter:data1\" content=\"8 minuti\" \/>\n<script type=\"application\/ld+json\" class=\"yoast-schema-graph\">{\"@context\":\"https:\/\/schema.org\",\"@graph\":[{\"@type\":\"WebPage\",\"@id\":\"https:\/\/www.rmieuropa.com\/it\/chi-siamo\/la-nostra-congregazione\/\",\"url\":\"https:\/\/www.rmieuropa.com\/it\/chi-siamo\/la-nostra-congregazione\/\",\"name\":\"La nostra congregazione - Religiose di Maria Immacolata\",\"isPartOf\":{\"@id\":\"https:\/\/www.rmieuropa.com\/it\/#website\"},\"primaryImageOfPage\":{\"@id\":\"https:\/\/www.rmieuropa.com\/it\/chi-siamo\/la-nostra-congregazione\/#primaryimage\"},\"image\":{\"@id\":\"https:\/\/www.rmieuropa.com\/it\/chi-siamo\/la-nostra-congregazione\/#primaryimage\"},\"thumbnailUrl\":\"https:\/\/www.rmieuropa.com\/wp-content\/uploads\/2021\/11\/lake-2-e1636124417892.jpg\",\"datePublished\":\"2022-01-25T08:51:06+00:00\",\"dateModified\":\"2022-02-15T09:04:57+00:00\",\"breadcrumb\":{\"@id\":\"https:\/\/www.rmieuropa.com\/it\/chi-siamo\/la-nostra-congregazione\/#breadcrumb\"},\"inLanguage\":\"it-IT\",\"potentialAction\":[{\"@type\":\"ReadAction\",\"target\":[\"https:\/\/www.rmieuropa.com\/it\/chi-siamo\/la-nostra-congregazione\/\"]}]},{\"@type\":\"ImageObject\",\"inLanguage\":\"it-IT\",\"@id\":\"https:\/\/www.rmieuropa.com\/it\/chi-siamo\/la-nostra-congregazione\/#primaryimage\",\"url\":\"https:\/\/www.rmieuropa.com\/wp-content\/uploads\/2021\/11\/lake-2-e1636124417892.jpg\",\"contentUrl\":\"https:\/\/www.rmieuropa.com\/wp-content\/uploads\/2021\/11\/lake-2-e1636124417892.jpg\",\"width\":1920,\"height\":783},{\"@type\":\"BreadcrumbList\",\"@id\":\"https:\/\/www.rmieuropa.com\/it\/chi-siamo\/la-nostra-congregazione\/#breadcrumb\",\"itemListElement\":[{\"@type\":\"ListItem\",\"position\":1,\"name\":\"Home\",\"item\":\"https:\/\/www.rmieuropa.com\/it\/\"},{\"@type\":\"ListItem\",\"position\":2,\"name\":\"Chi siamo ?\",\"item\":\"https:\/\/www.rmieuropa.com\/it\/chi-siamo\/\"},{\"@type\":\"ListItem\",\"position\":3,\"name\":\"La nostra congregazione\"}]},{\"@type\":\"WebSite\",\"@id\":\"https:\/\/www.rmieuropa.com\/it\/#website\",\"url\":\"https:\/\/www.rmieuropa.com\/it\/\",\"name\":\"Religieuses de Marie Immacul\u00e9e\",\"description\":\"\",\"publisher\":{\"@id\":\"https:\/\/www.rmieuropa.com\/it\/#organization\"},\"potentialAction\":[{\"@type\":\"SearchAction\",\"target\":{\"@type\":\"EntryPoint\",\"urlTemplate\":\"https:\/\/www.rmieuropa.com\/it\/?s={search_term_string}\"},\"query-input\":{\"@type\":\"PropertyValueSpecification\",\"valueRequired\":true,\"valueName\":\"search_term_string\"}}],\"inLanguage\":\"it-IT\"},{\"@type\":\"Organization\",\"@id\":\"https:\/\/www.rmieuropa.com\/it\/#organization\",\"name\":\"Religieuses de Marie Immacul\u00e9e\",\"url\":\"https:\/\/www.rmieuropa.com\/it\/\",\"logo\":{\"@type\":\"ImageObject\",\"inLanguage\":\"it-IT\",\"@id\":\"https:\/\/www.rmieuropa.com\/it\/#\/schema\/logo\/image\/\",\"url\":\"https:\/\/www.rmieuropa.com\/wp-content\/uploads\/2024\/02\/logo_header_RMI.png\",\"contentUrl\":\"https:\/\/www.rmieuropa.com\/wp-content\/uploads\/2024\/02\/logo_header_RMI.png\",\"width\":92,\"height\":88,\"caption\":\"Religieuses de Marie Immacul\u00e9e\"},\"image\":{\"@id\":\"https:\/\/www.rmieuropa.com\/it\/#\/schema\/logo\/image\/\"}}]}<\/script>\n<!-- \/ Yoast SEO plugin. -->","yoast_head_json":{"title":"La nostra congregazione - Religiose di Maria Immacolata","robots":{"index":"index","follow":"follow","max-snippet":"max-snippet:-1","max-image-preview":"max-image-preview:large","max-video-preview":"max-video-preview:-1"},"canonical":"https:\/\/www.rmieuropa.com\/it\/chi-siamo\/la-nostra-congregazione\/","og_locale":"it_IT","og_type":"article","og_title":"La nostra congregazione - Religiose di Maria Immacolata","og_description":"[vc_row full_width=&#8221;stretch_row_content_no_spaces&#8221; equal_height=&#8221;yes&#8221; css=&#8221;.vc_custom_1561730733956{background-color: #004272 !important;}&#8221;][vc_column width=&#8221;2\/3&#8243; el_class=&#8221;px-3 pl-lg-6&#8243; css=&#8221;.vc_custom_1561730715795{padding-right: 10% !important;padding-left: 10% !important;}&#8221;][vc_empty_space][vc_empty_space][vc_column_text el_class=&#8221;text-white&#8221;]Siamo una Congregazione religiosa della Chiesa cattolica fondata a Madrid nel 1876 per iniziativa di una giovane donna spagnola: Santa Vincenza Maria L\u00f3pez Vicu\u00f1a. La nostra Congregazione \u00e8 nata in risposta al bisogno delle ragazze che si spostavano dalla campagna verso [&hellip;]","og_url":"https:\/\/www.rmieuropa.com\/it\/chi-siamo\/la-nostra-congregazione\/","og_site_name":"Religieuses de Marie Immacul\u00e9e","article_modified_time":"2022-02-15T09:04:57+00:00","og_image":[{"width":1920,"height":783,"url":"https:\/\/www.rmieuropa.com\/wp-content\/uploads\/2021\/11\/lake-2-e1636124417892.jpg","type":"image\/jpeg"}],"twitter_card":"summary_large_image","twitter_misc":{"Tempo di lettura stimato":"8 minuti"},"schema":{"@context":"https:\/\/schema.org","@graph":[{"@type":"WebPage","@id":"https:\/\/www.rmieuropa.com\/it\/chi-siamo\/la-nostra-congregazione\/","url":"https:\/\/www.rmieuropa.com\/it\/chi-siamo\/la-nostra-congregazione\/","name":"La nostra congregazione - Religiose di Maria Immacolata","isPartOf":{"@id":"https:\/\/www.rmieuropa.com\/it\/#website"},"primaryImageOfPage":{"@id":"https:\/\/www.rmieuropa.com\/it\/chi-siamo\/la-nostra-congregazione\/#primaryimage"},"image":{"@id":"https:\/\/www.rmieuropa.com\/it\/chi-siamo\/la-nostra-congregazione\/#primaryimage"},"thumbnailUrl":"https:\/\/www.rmieuropa.com\/wp-content\/uploads\/2021\/11\/lake-2-e1636124417892.jpg","datePublished":"2022-01-25T08:51:06+00:00","dateModified":"2022-02-15T09:04:57+00:00","breadcrumb":{"@id":"https:\/\/www.rmieuropa.com\/it\/chi-siamo\/la-nostra-congregazione\/#breadcrumb"},"inLanguage":"it-IT","potentialAction":[{"@type":"ReadAction","target":["https:\/\/www.rmieuropa.com\/it\/chi-siamo\/la-nostra-congregazione\/"]}]},{"@type":"ImageObject","inLanguage":"it-IT","@id":"https:\/\/www.rmieuropa.com\/it\/chi-siamo\/la-nostra-congregazione\/#primaryimage","url":"https:\/\/www.rmieuropa.com\/wp-content\/uploads\/2021\/11\/lake-2-e1636124417892.jpg","contentUrl":"https:\/\/www.rmieuropa.com\/wp-content\/uploads\/2021\/11\/lake-2-e1636124417892.jpg","width":1920,"height":783},{"@type":"BreadcrumbList","@id":"https:\/\/www.rmieuropa.com\/it\/chi-siamo\/la-nostra-congregazione\/#breadcrumb","itemListElement":[{"@type":"ListItem","position":1,"name":"Home","item":"https:\/\/www.rmieuropa.com\/it\/"},{"@type":"ListItem","position":2,"name":"Chi siamo ?","item":"https:\/\/www.rmieuropa.com\/it\/chi-siamo\/"},{"@type":"ListItem","position":3,"name":"La nostra congregazione"}]},{"@type":"WebSite","@id":"https:\/\/www.rmieuropa.com\/it\/#website","url":"https:\/\/www.rmieuropa.com\/it\/","name":"Religieuses de Marie Immacul\u00e9e","description":"","publisher":{"@id":"https:\/\/www.rmieuropa.com\/it\/#organization"},"potentialAction":[{"@type":"SearchAction","target":{"@type":"EntryPoint","urlTemplate":"https:\/\/www.rmieuropa.com\/it\/?s={search_term_string}"},"query-input":{"@type":"PropertyValueSpecification","valueRequired":true,"valueName":"search_term_string"}}],"inLanguage":"it-IT"},{"@type":"Organization","@id":"https:\/\/www.rmieuropa.com\/it\/#organization","name":"Religieuses de Marie Immacul\u00e9e","url":"https:\/\/www.rmieuropa.com\/it\/","logo":{"@type":"ImageObject","inLanguage":"it-IT","@id":"https:\/\/www.rmieuropa.com\/it\/#\/schema\/logo\/image\/","url":"https:\/\/www.rmieuropa.com\/wp-content\/uploads\/2024\/02\/logo_header_RMI.png","contentUrl":"https:\/\/www.rmieuropa.com\/wp-content\/uploads\/2024\/02\/logo_header_RMI.png","width":92,"height":88,"caption":"Religieuses de Marie Immacul\u00e9e"},"image":{"@id":"https:\/\/www.rmieuropa.com\/it\/#\/schema\/logo\/image\/"}}]}},"_links":{"self":[{"href":"https:\/\/www.rmieuropa.com\/it\/wp-json\/wp\/v2\/pages\/4800","targetHints":{"allow":["GET"]}}],"collection":[{"href":"https:\/\/www.rmieuropa.com\/it\/wp-json\/wp\/v2\/pages"}],"about":[{"href":"https:\/\/www.rmieuropa.com\/it\/wp-json\/wp\/v2\/types\/page"}],"author":[{"embeddable":true,"href":"https:\/\/www.rmieuropa.com\/it\/wp-json\/wp\/v2\/users\/1"}],"replies":[{"embeddable":true,"href":"https:\/\/www.rmieuropa.com\/it\/wp-json\/wp\/v2\/comments?post=4800"}],"version-history":[{"count":6,"href":"https:\/\/www.rmieuropa.com\/it\/wp-json\/wp\/v2\/pages\/4800\/revisions"}],"predecessor-version":[{"id":5322,"href":"https:\/\/www.rmieuropa.com\/it\/wp-json\/wp\/v2\/pages\/4800\/revisions\/5322"}],"up":[{"embeddable":true,"href":"https:\/\/www.rmieuropa.com\/it\/wp-json\/wp\/v2\/pages\/4803"}],"wp:featuredmedia":[{"embeddable":true,"href":"https:\/\/www.rmieuropa.com\/it\/wp-json\/wp\/v2\/media\/3799"}],"wp:attachment":[{"href":"https:\/\/www.rmieuropa.com\/it\/wp-json\/wp\/v2\/media?parent=4800"}],"curies":[{"name":"wp","href":"https:\/\/api.w.org\/{rel}","templated":true}]}}