{"id":2706,"date":"2020-08-11T14:36:39","date_gmt":"2020-08-11T12:36:39","guid":{"rendered":"https:\/\/rmieuropa.com\/chi-siamo\/fondatrice\/"},"modified":"2022-02-14T11:47:08","modified_gmt":"2022-02-14T10:47:08","slug":"fondatrice","status":"publish","type":"page","link":"https:\/\/www.rmieuropa.com\/it\/chi-siamo\/fondatrice\/","title":{"rendered":"Fondatrice"},"content":{"rendered":"<div class=\"wpb-content-wrapper\"><p>[vc_row full_width=&#8221;stretch_row&#8221; css=&#8221;.vc_custom_1564408011447{background-color: #f5f5f5 !important;}&#8221;][vc_column]    <div class=\"rmi-title text-center\">\n                    <div class=\"rmi-subtitle\">Santa Vincenza Maria<\/div>\n                <h2>STORIA<\/h2>\n\n    <\/div>\n    [vc_column_text css=&#8221;.vc_custom_1570741234360{padding-right: 20% !important;padding-left: 20% !important;}&#8221;]<\/p>\n<p style=\"text-align: center; font-size: 18px; color: #9e9d9d;\">Santa Vincenza Maria L\u00f3pez Vicu\u00f1a ha cercato e scoperto la Volont\u00e0 di Dio nella propria vita\u2026 Nel 1876, rispondendo all\u2019appello dello Spirito Santo, ha fondato la Congregazione delle Religiose di Maria Immacolata.<\/p>\n<p>[\/vc_column_text][vc_row_inner][vc_column_inner width=&#8221;1\/2&#8243;][vc_empty_space height=&#8221;76px&#8221;][vc_single_image image=&#8221;3568&#8243; img_size=&#8221;full&#8221; alignment=&#8221;center&#8221; style=&#8221;vc_box_shadow_3d&#8221; css_animation=&#8221;fadeIn&#8221;][\/vc_column_inner][vc_column_inner width=&#8221;1\/2&#8243;][vc_column_text]Fondatrice delle Religiose di Maria Immacolata, \u00e8 nata a Cascante (Navarre, Spagna), in piena \u201crivoluzione industriale\u201d.<\/p>\n<p>Ha trascorso la propria infanzia e giovent\u00f9 a Madrid, dove i suoi genitori l\u2019hanno mandata a dieci anni per completare la sua educazione con sua zia. Ma qui ha scoperto la solitudine delle ragazze della campagna, venute in citt\u00e0 per cercare lavoro.[\/vc_column_text][vc_column_text]Dal 1868, avverte chiaramente la chiamata a consacrarsi a Dio, il quale le chiede di prendersi cura delle sue carissime \u201c<em>chicas<\/em>\u201d.<\/p>\n<p>Nel 1876, fonda la Congregazione delle Religiose di Maria Immacolata, al fine di poter accogliere le ragazze, offrire loro una formazione, e adoperarsi per la loro promozione sociale, aiutandole anche a scoprire la Volont\u00e0 di Dio nella loro vita.[\/vc_column_text][\/vc_column_inner][\/vc_row_inner][vc_column_text css=&#8221;.vc_custom_1607692344439{padding-top: 5% !important;padding-right: 7% !important;padding-bottom: 5% !important;padding-left: 7% !important;background-color: #ffffff !important;}&#8221;]<\/p>\n<h4>ORIGINE<\/h4>\n<p>L\u2019inizio di una concreta azione sociale ed evangelizzatrice della Congregazione, ha origine grazie a Don Manuel Maria e Do\u00f1a Maria Eulalia Vicu\u00f1a, zii della nostra fondatrice, toccati dalla miseria e dalla vulnerabilit\u00e0 delle giovani donne che provenivano dalla campagna per cercare lavoro come domestiche a Madrid.[\/vc_column_text]    <div class=\"rmi-timeline \">\n            <div class=\"rmi-timeline_item left \">\n        <div class=\"content\">\n            <h2 class=\"h3\">1847<\/h2>\n            Vincenza Maria L\u00f3pez y Vicu\u00f1a nasce il 22 Marzo 1847 a Cascante, una piccola cittadina di Navarra, vicino a Tudela, in una famiglia agiata e profondamente cristiana<\/p>\n<p style=\"text-align: right;\">.<\/p>\n<p>        <\/div>\n    <\/div>\n        <div class=\"rmi-timeline_item right \">\n        <div class=\"content\">\n            <h2 class=\"h3\">1857<\/h2>\n            nel 1857, i suoi genitori, la mandano a vivere presso i suoi zii a Madrid, dove trascorrer\u00e0 l\u2019infanzia e la giovent\u00f9, per completare la propria educazione e perfezionare la propria formazione (lezioni di francese, piano, pittura, dottrina cristiana ecc.).<\/p>\n<p>Ma, accompagnando sua zia Maria Eulalia Vicu\u00f1a, alle visite in ospedale, Vincenza scopre la solitudine e lo sradicamento di queste giovani \u201cdomestiche\u201d, che si ritrovano senza nulla nel momento in cui si ammalano e senza alcun mezzo di sussistenza. \u00c8 proprio questa realt\u00e0 che Vincenza inizia a conoscere da vicino e che cambier\u00e0 la sua vita        <\/div>\n    <\/div>\n        <div class=\"rmi-timeline_item left \">\n        <div class=\"content\">\n            <h2 class=\"h3\">1868<\/h2>\n            Ha 21 anni, quando, rispondendo all\u2019appello dello Spirito Santo, decide di fondare la Congregazione delle Religiose di Maria Immacolata. Al termine del proprio ritiro di discernimento, per rispondere alla domanda che le pongono sulla decisione presa, Vincenza esclama: \u201cGiovani avete vinto voi\u201d!        <\/div>\n    <\/div>\n        <div class=\"rmi-timeline_item right \">\n        <div class=\"content\">\n            <h2 class=\"h3\">1876<\/h2>\n            la ricerca continua del progetto di Dio per la sua vita, l\u2019essersi sentita preservata dall\u2019Amore misericordioso di Dio e l\u2019osservazione piena di compassione della situazione delle giovani che si spostano verso la citt\u00e0 e che vivono una situazione di assoluta precariet\u00e0 e di abbandono sociale, riescono a vincere le difficolt\u00e0 incontrate da Vincenza durante il suo percorso, tra cui l\u2019opposizione di suo padre a questo progetto che gli sembra insensato.<\/p>\n<p>Fondando a Madrid la Congregazione della Religiose di Maria Immacolata, Vincenza Maria dona la propria vita per salvaguardare queste giovani ragazze dal male e per farle crescere nel Bene<\/p>\n<p>\u201cSono convinta: la mia vita \u00e8 per le giovani!\u201d        <\/div>\n    <\/div>\n        <div class=\"rmi-timeline_item left \">\n        <div class=\"content\">\n            <h2 class=\"h3\">1890<\/h2>\n            pronuncia la sua professione perpetua e, malata di tubercolosi, muore a Madrid il giorno dopo Natale a soli 43 anni        <\/div>\n    <\/div>\n        <div class=\"rmi-timeline_item right \">\n        <div class=\"content\">\n            <h2 class=\"h3\">CANONIZZAZIONE<\/h2>\n            il 19 febbraio 1950, viene beatificata dal Papa Pio XII e successivamente canonizzata da Papa Paolo VI, il 25 maggio 1975        <\/div>\n    <\/div>\n        <\/div>\n    [vc_empty_space][vc_column_text css=&#8221;.vc_custom_1644499981011{padding-top: 5% !important;padding-right: 7% !important;padding-bottom: 5% !important;padding-left: 7% !important;background-color: #004272 !important;}&#8221; el_class=&#8221;text-white&#8221;]<\/p>\n<h3><strong>Oggi<\/strong><\/h3>\n<p>La sua congregazione \u00e8 presente in quattro continenti e continua a vivere l\u2019obiettivo da lei tracciato: accogliere le ragazze che lavorano o che, attraverso gli studi, si preparano ad occupare un posto nella societ\u00e0, accompagnandole nel loro cammino di realizzazione, in linea con gli insegnamenti di Ges\u00f9.<\/p>\n<p>Alle giovani che entrano in contatto con la nostra comunit\u00e0, <span class=\"VIiyi\" lang=\"it\"><span class=\"JLqJ4b ChMk0b\" data-language-for-alternatives=\"it\" data-language-to-translate-into=\"fr\" data-phrase-index=\"0\">offriamo una concezione cristiana della vita e offriamo loro un luogo di accoglienza propizio alla condivisione e alla loro crescita integrale.<\/span><\/span>[\/vc_column_text][\/vc_column][\/vc_row][vc_row][vc_column][vc_empty_space]    <div class=\"rmi-title \">\n                    <div class=\"rmi-subtitle\">I NOSTRI VALORI<\/div>\n                <h2>COME VINCENZA MARIA, NOI VOGLIAMO\u2026<\/h2>\n\n    <\/div>\n    [vc_empty_space][\/vc_column][\/vc_row][vc_row][vc_column width=&#8221;1\/3&#8243; css=&#8221;.vc_custom_1566916391869{border-left-width: 1px !important;padding-bottom: 60px !important;padding-left: 10px !important;border-left-color: #e5e5e5 !important;border-left-style: solid !important;}&#8221;][vc_single_image image=&#8221;1700&#8243; img_size=&#8221;full&#8221;][vc_column_text]<\/p>\n<h3>Discernere<\/h3>\n<p>\u2026 e decidere in funzione della \u201cgloria di Dio pi\u00f9 manifesta e del bisogno pi\u00f9 grande dell\u2019epoca\u201d, offrendo la nostra vita a Dio, per l\u2019amore e il servizio alle giovani.[\/vc_column_text][\/vc_column][vc_column width=&#8221;1\/3&#8243; css=&#8221;.vc_custom_1566986430908{border-left-width: 1px !important;padding-bottom: 30px !important;padding-left: 10px !important;border-left-color: #e5e5e5 !important;border-left-style: solid !important;}&#8221;][vc_single_image image=&#8221;1676&#8243; img_size=&#8221;full&#8221;][vc_column_text]<\/p>\n<h3>Formare<\/h3>\n<p>\u2026 le ragazze \u201caffinch\u00e9 esse siano semi di Vangelo nelle famiglie in cui lavorano\u201d (RP 226D) o nei loro percorsi di vita, per una trasformazione della societ\u00e0 dall\u2019interno.[\/vc_column_text][\/vc_column][vc_column width=&#8221;1\/3&#8243; css=&#8221;.vc_custom_1566986439855{border-left-width: 1px !important;padding-bottom: 80px !important;padding-left: 10px !important;border-left-color: #e5e5e5 !important;border-left-style: solid !important;}&#8221;][vc_single_image image=&#8221;1704&#8243; img_size=&#8221;full&#8221;][vc_column_text]<\/p>\n<h3>Preservare<\/h3>\n<p>\u2026 ogni ragazza dal male e dalle ingiustizie che possono danneggiare le loro vite, cercando di formarle attraverso una pedagogia preventiva.[\/vc_column_text][\/vc_column][\/vc_row]<\/p>\n<\/div>","protected":false},"excerpt":{"rendered":"<p>[vc_row full_width=&#8221;stretch_row&#8221; css=&#8221;.vc_custom_1564408011447{background-color: #f5f5f5 !important;}&#8221;][vc_column][vc_column_text css=&#8221;.vc_custom_1570741234360{padding-right: 20% !important;padding-left: 20% !important;}&#8221;] Santa Vincenza Maria L\u00f3pez Vicu\u00f1a ha cercato e scoperto la Volont\u00e0 di Dio nella propria vita\u2026 Nel 1876, rispondendo all\u2019appello dello Spirito Santo, ha fondato la Congregazione delle Religiose di Maria Immacolata. [\/vc_column_text][vc_row_inner][vc_column_inner width=&#8221;1\/2&#8243;][vc_empty_space height=&#8221;76px&#8221;][vc_single_image image=&#8221;3568&#8243; img_size=&#8221;full&#8221; alignment=&#8221;center&#8221; style=&#8221;vc_box_shadow_3d&#8221; css_animation=&#8221;fadeIn&#8221;][\/vc_column_inner][vc_column_inner width=&#8221;1\/2&#8243;][vc_column_text]Fondatrice delle Religiose di Maria [&hellip;]<\/p>\n","protected":false},"author":1,"featured_media":5293,"parent":4803,"menu_order":0,"comment_status":"closed","ping_status":"closed","template":"","meta":{"_acf_changed":false,"footnotes":""},"class_list":["post-2706","page","type-page","status-publish","has-post-thumbnail","hentry"],"acf":[],"yoast_head":"<!-- This site is optimized with the Yoast SEO plugin v25.4 - https:\/\/yoast.com\/wordpress\/plugins\/seo\/ -->\n<title>Fondatrice - Religiose di Maria Immacolata<\/title>\n<meta name=\"robots\" content=\"index, follow, max-snippet:-1, max-image-preview:large, max-video-preview:-1\" \/>\n<link rel=\"canonical\" href=\"https:\/\/www.rmieuropa.com\/it\/chi-siamo\/fondatrice\/\" \/>\n<meta property=\"og:locale\" content=\"it_IT\" \/>\n<meta property=\"og:type\" content=\"article\" \/>\n<meta property=\"og:title\" content=\"Fondatrice - Religiose di Maria Immacolata\" \/>\n<meta property=\"og:description\" content=\"[vc_row full_width=&#8221;stretch_row&#8221; css=&#8221;.vc_custom_1564408011447{background-color: #f5f5f5 !important;}&#8221;][vc_column][vc_column_text css=&#8221;.vc_custom_1570741234360{padding-right: 20% !important;padding-left: 20% !important;}&#8221;] Santa Vincenza Maria L\u00f3pez Vicu\u00f1a ha cercato e scoperto la Volont\u00e0 di Dio nella propria vita\u2026 Nel 1876, rispondendo all\u2019appello dello Spirito Santo, ha fondato la Congregazione delle Religiose di Maria Immacolata. [\/vc_column_text][vc_row_inner][vc_column_inner width=&#8221;1\/2&#8243;][vc_empty_space height=&#8221;76px&#8221;][vc_single_image image=&#8221;3568&#8243; img_size=&#8221;full&#8221; alignment=&#8221;center&#8221; style=&#8221;vc_box_shadow_3d&#8221; css_animation=&#8221;fadeIn&#8221;][\/vc_column_inner][vc_column_inner width=&#8221;1\/2&#8243;][vc_column_text]Fondatrice delle Religiose di Maria [&hellip;]\" \/>\n<meta property=\"og:url\" content=\"https:\/\/www.rmieuropa.com\/it\/chi-siamo\/fondatrice\/\" \/>\n<meta property=\"og:site_name\" content=\"Religieuses de Marie Immacul\u00e9e\" \/>\n<meta property=\"article:modified_time\" content=\"2022-02-14T10:47:08+00:00\" \/>\n<meta property=\"og:image\" content=\"https:\/\/www.rmieuropa.com\/wp-content\/uploads\/2022\/02\/about_banner.jpg\" \/>\n\t<meta property=\"og:image:width\" content=\"1904\" \/>\n\t<meta property=\"og:image:height\" content=\"289\" \/>\n\t<meta property=\"og:image:type\" content=\"image\/jpeg\" \/>\n<meta name=\"twitter:card\" content=\"summary_large_image\" \/>\n<meta name=\"twitter:label1\" content=\"Tempo di lettura stimato\" \/>\n\t<meta name=\"twitter:data1\" content=\"5 minuti\" \/>\n<script type=\"application\/ld+json\" class=\"yoast-schema-graph\">{\"@context\":\"https:\/\/schema.org\",\"@graph\":[{\"@type\":\"WebPage\",\"@id\":\"https:\/\/www.rmieuropa.com\/it\/chi-siamo\/fondatrice\/\",\"url\":\"https:\/\/www.rmieuropa.com\/it\/chi-siamo\/fondatrice\/\",\"name\":\"Fondatrice - Religiose di Maria Immacolata\",\"isPartOf\":{\"@id\":\"https:\/\/www.rmieuropa.com\/it\/#website\"},\"primaryImageOfPage\":{\"@id\":\"https:\/\/www.rmieuropa.com\/it\/chi-siamo\/fondatrice\/#primaryimage\"},\"image\":{\"@id\":\"https:\/\/www.rmieuropa.com\/it\/chi-siamo\/fondatrice\/#primaryimage\"},\"thumbnailUrl\":\"https:\/\/www.rmieuropa.com\/wp-content\/uploads\/2022\/02\/about_banner.jpg\",\"datePublished\":\"2020-08-11T12:36:39+00:00\",\"dateModified\":\"2022-02-14T10:47:08+00:00\",\"breadcrumb\":{\"@id\":\"https:\/\/www.rmieuropa.com\/it\/chi-siamo\/fondatrice\/#breadcrumb\"},\"inLanguage\":\"it-IT\",\"potentialAction\":[{\"@type\":\"ReadAction\",\"target\":[\"https:\/\/www.rmieuropa.com\/it\/chi-siamo\/fondatrice\/\"]}]},{\"@type\":\"ImageObject\",\"inLanguage\":\"it-IT\",\"@id\":\"https:\/\/www.rmieuropa.com\/it\/chi-siamo\/fondatrice\/#primaryimage\",\"url\":\"https:\/\/www.rmieuropa.com\/wp-content\/uploads\/2022\/02\/about_banner.jpg\",\"contentUrl\":\"https:\/\/www.rmieuropa.com\/wp-content\/uploads\/2022\/02\/about_banner.jpg\",\"width\":1904,\"height\":289},{\"@type\":\"BreadcrumbList\",\"@id\":\"https:\/\/www.rmieuropa.com\/it\/chi-siamo\/fondatrice\/#breadcrumb\",\"itemListElement\":[{\"@type\":\"ListItem\",\"position\":1,\"name\":\"Home\",\"item\":\"https:\/\/www.rmieuropa.com\/it\/\"},{\"@type\":\"ListItem\",\"position\":2,\"name\":\"Chi siamo ?\",\"item\":\"https:\/\/www.rmieuropa.com\/it\/chi-siamo\/\"},{\"@type\":\"ListItem\",\"position\":3,\"name\":\"Fondatrice\"}]},{\"@type\":\"WebSite\",\"@id\":\"https:\/\/www.rmieuropa.com\/it\/#website\",\"url\":\"https:\/\/www.rmieuropa.com\/it\/\",\"name\":\"Religieuses de Marie Immacul\u00e9e\",\"description\":\"\",\"publisher\":{\"@id\":\"https:\/\/www.rmieuropa.com\/it\/#organization\"},\"potentialAction\":[{\"@type\":\"SearchAction\",\"target\":{\"@type\":\"EntryPoint\",\"urlTemplate\":\"https:\/\/www.rmieuropa.com\/it\/?s={search_term_string}\"},\"query-input\":{\"@type\":\"PropertyValueSpecification\",\"valueRequired\":true,\"valueName\":\"search_term_string\"}}],\"inLanguage\":\"it-IT\"},{\"@type\":\"Organization\",\"@id\":\"https:\/\/www.rmieuropa.com\/it\/#organization\",\"name\":\"Religieuses de Marie Immacul\u00e9e\",\"url\":\"https:\/\/www.rmieuropa.com\/it\/\",\"logo\":{\"@type\":\"ImageObject\",\"inLanguage\":\"it-IT\",\"@id\":\"https:\/\/www.rmieuropa.com\/it\/#\/schema\/logo\/image\/\",\"url\":\"https:\/\/www.rmieuropa.com\/wp-content\/uploads\/2024\/02\/logo_header_RMI.png\",\"contentUrl\":\"https:\/\/www.rmieuropa.com\/wp-content\/uploads\/2024\/02\/logo_header_RMI.png\",\"width\":92,\"height\":88,\"caption\":\"Religieuses de Marie Immacul\u00e9e\"},\"image\":{\"@id\":\"https:\/\/www.rmieuropa.com\/it\/#\/schema\/logo\/image\/\"}}]}<\/script>\n<!-- \/ Yoast SEO plugin. -->","yoast_head_json":{"title":"Fondatrice - Religiose di Maria Immacolata","robots":{"index":"index","follow":"follow","max-snippet":"max-snippet:-1","max-image-preview":"max-image-preview:large","max-video-preview":"max-video-preview:-1"},"canonical":"https:\/\/www.rmieuropa.com\/it\/chi-siamo\/fondatrice\/","og_locale":"it_IT","og_type":"article","og_title":"Fondatrice - Religiose di Maria Immacolata","og_description":"[vc_row full_width=&#8221;stretch_row&#8221; css=&#8221;.vc_custom_1564408011447{background-color: #f5f5f5 !important;}&#8221;][vc_column][vc_column_text css=&#8221;.vc_custom_1570741234360{padding-right: 20% !important;padding-left: 20% !important;}&#8221;] Santa Vincenza Maria L\u00f3pez Vicu\u00f1a ha cercato e scoperto la Volont\u00e0 di Dio nella propria vita\u2026 Nel 1876, rispondendo all\u2019appello dello Spirito Santo, ha fondato la Congregazione delle Religiose di Maria Immacolata. [\/vc_column_text][vc_row_inner][vc_column_inner width=&#8221;1\/2&#8243;][vc_empty_space height=&#8221;76px&#8221;][vc_single_image image=&#8221;3568&#8243; img_size=&#8221;full&#8221; alignment=&#8221;center&#8221; style=&#8221;vc_box_shadow_3d&#8221; css_animation=&#8221;fadeIn&#8221;][\/vc_column_inner][vc_column_inner width=&#8221;1\/2&#8243;][vc_column_text]Fondatrice delle Religiose di Maria [&hellip;]","og_url":"https:\/\/www.rmieuropa.com\/it\/chi-siamo\/fondatrice\/","og_site_name":"Religieuses de Marie Immacul\u00e9e","article_modified_time":"2022-02-14T10:47:08+00:00","og_image":[{"width":1904,"height":289,"url":"https:\/\/www.rmieuropa.com\/wp-content\/uploads\/2022\/02\/about_banner.jpg","type":"image\/jpeg"}],"twitter_card":"summary_large_image","twitter_misc":{"Tempo di lettura stimato":"5 minuti"},"schema":{"@context":"https:\/\/schema.org","@graph":[{"@type":"WebPage","@id":"https:\/\/www.rmieuropa.com\/it\/chi-siamo\/fondatrice\/","url":"https:\/\/www.rmieuropa.com\/it\/chi-siamo\/fondatrice\/","name":"Fondatrice - Religiose di Maria Immacolata","isPartOf":{"@id":"https:\/\/www.rmieuropa.com\/it\/#website"},"primaryImageOfPage":{"@id":"https:\/\/www.rmieuropa.com\/it\/chi-siamo\/fondatrice\/#primaryimage"},"image":{"@id":"https:\/\/www.rmieuropa.com\/it\/chi-siamo\/fondatrice\/#primaryimage"},"thumbnailUrl":"https:\/\/www.rmieuropa.com\/wp-content\/uploads\/2022\/02\/about_banner.jpg","datePublished":"2020-08-11T12:36:39+00:00","dateModified":"2022-02-14T10:47:08+00:00","breadcrumb":{"@id":"https:\/\/www.rmieuropa.com\/it\/chi-siamo\/fondatrice\/#breadcrumb"},"inLanguage":"it-IT","potentialAction":[{"@type":"ReadAction","target":["https:\/\/www.rmieuropa.com\/it\/chi-siamo\/fondatrice\/"]}]},{"@type":"ImageObject","inLanguage":"it-IT","@id":"https:\/\/www.rmieuropa.com\/it\/chi-siamo\/fondatrice\/#primaryimage","url":"https:\/\/www.rmieuropa.com\/wp-content\/uploads\/2022\/02\/about_banner.jpg","contentUrl":"https:\/\/www.rmieuropa.com\/wp-content\/uploads\/2022\/02\/about_banner.jpg","width":1904,"height":289},{"@type":"BreadcrumbList","@id":"https:\/\/www.rmieuropa.com\/it\/chi-siamo\/fondatrice\/#breadcrumb","itemListElement":[{"@type":"ListItem","position":1,"name":"Home","item":"https:\/\/www.rmieuropa.com\/it\/"},{"@type":"ListItem","position":2,"name":"Chi siamo ?","item":"https:\/\/www.rmieuropa.com\/it\/chi-siamo\/"},{"@type":"ListItem","position":3,"name":"Fondatrice"}]},{"@type":"WebSite","@id":"https:\/\/www.rmieuropa.com\/it\/#website","url":"https:\/\/www.rmieuropa.com\/it\/","name":"Religieuses de Marie Immacul\u00e9e","description":"","publisher":{"@id":"https:\/\/www.rmieuropa.com\/it\/#organization"},"potentialAction":[{"@type":"SearchAction","target":{"@type":"EntryPoint","urlTemplate":"https:\/\/www.rmieuropa.com\/it\/?s={search_term_string}"},"query-input":{"@type":"PropertyValueSpecification","valueRequired":true,"valueName":"search_term_string"}}],"inLanguage":"it-IT"},{"@type":"Organization","@id":"https:\/\/www.rmieuropa.com\/it\/#organization","name":"Religieuses de Marie Immacul\u00e9e","url":"https:\/\/www.rmieuropa.com\/it\/","logo":{"@type":"ImageObject","inLanguage":"it-IT","@id":"https:\/\/www.rmieuropa.com\/it\/#\/schema\/logo\/image\/","url":"https:\/\/www.rmieuropa.com\/wp-content\/uploads\/2024\/02\/logo_header_RMI.png","contentUrl":"https:\/\/www.rmieuropa.com\/wp-content\/uploads\/2024\/02\/logo_header_RMI.png","width":92,"height":88,"caption":"Religieuses de Marie Immacul\u00e9e"},"image":{"@id":"https:\/\/www.rmieuropa.com\/it\/#\/schema\/logo\/image\/"}}]}},"_links":{"self":[{"href":"https:\/\/www.rmieuropa.com\/it\/wp-json\/wp\/v2\/pages\/2706","targetHints":{"allow":["GET"]}}],"collection":[{"href":"https:\/\/www.rmieuropa.com\/it\/wp-json\/wp\/v2\/pages"}],"about":[{"href":"https:\/\/www.rmieuropa.com\/it\/wp-json\/wp\/v2\/types\/page"}],"author":[{"embeddable":true,"href":"https:\/\/www.rmieuropa.com\/it\/wp-json\/wp\/v2\/users\/1"}],"replies":[{"embeddable":true,"href":"https:\/\/www.rmieuropa.com\/it\/wp-json\/wp\/v2\/comments?post=2706"}],"version-history":[{"count":26,"href":"https:\/\/www.rmieuropa.com\/it\/wp-json\/wp\/v2\/pages\/2706\/revisions"}],"predecessor-version":[{"id":5197,"href":"https:\/\/www.rmieuropa.com\/it\/wp-json\/wp\/v2\/pages\/2706\/revisions\/5197"}],"up":[{"embeddable":true,"href":"https:\/\/www.rmieuropa.com\/it\/wp-json\/wp\/v2\/pages\/4803"}],"wp:featuredmedia":[{"embeddable":true,"href":"https:\/\/www.rmieuropa.com\/it\/wp-json\/wp\/v2\/media\/5293"}],"wp:attachment":[{"href":"https:\/\/www.rmieuropa.com\/it\/wp-json\/wp\/v2\/media?parent=2706"}],"curies":[{"name":"wp","href":"https:\/\/api.w.org\/{rel}","templated":true}]}}