{"id":3949,"date":"2021-11-22T16:53:51","date_gmt":"2021-11-22T15:53:51","guid":{"rendered":"https:\/\/rmieuropa.com\/?page_id=3949"},"modified":"2022-02-14T12:01:25","modified_gmt":"2022-02-14T11:01:25","slug":"nuestras-misiones","status":"publish","type":"page","link":"https:\/\/www.rmieuropa.com\/es\/nuestras-misiones\/","title":{"rendered":"Nuestras misiones"},"content":{"rendered":"<div class=\"wpb-content-wrapper\"><p>[vc_row full_width=\u00bbstretch_row_content_no_spaces\u00bb css=\u00bb.vc_custom_1575903367544{padding-bottom: 130px !important;background-color: #004272 !important;background-position: 0 0 !important;background-repeat: no-repeat !important;}\u00bb][vc_column][vc_empty_space]    <div class=\"rmi-title text-white text-center\">\n                    <div class=\"rmi-subtitle\">Acoger\/Accompa\u00f1ar<\/div>\n                <h2>Nuestras misiones<\/h2>\n\n    <\/div>\n    [vc_empty_space][vc_column_text]<\/p>\n<p style=\"text-align: center;\"><span style=\"color: #ffffff;\">Nuestro apostolado est\u00e1 orientado a la formaci\u00f3n integral y a la evangelizaci\u00f3n de las j\u00f3venes, a trav\u00e9s de la acogida,<\/span><br \/>\n<span style=\"color: #ffffff;\">la presencia, la escucha y el acompa\u00f1amiento (en residencias, centros de promoci\u00f3n social, centros de acogida <\/span><br \/>\n<span style=\"color: #ffffff;\">y escucha, escuelas profesionales, misiones, campamentos de verano&#8230;).<\/span><\/p>\n<p>[\/vc_column_text][vc_empty_space][\/vc_column][\/vc_row][vc_row css=\u00bb.vc_custom_1575903277861{margin-top: -150px !important;}\u00bb][vc_column width=\u00bb1\/12&#8243;][\/vc_column][vc_column width=\u00bb5\/12&#8243; el_id=\u00bbresidencias\u00bb][vc_single_image image=\u00bb1927&#8243; img_size=\u00bbfull\u00bb][vc_column_text el_id=\u00bbresidencias\u00bb]<strong>Residencias<\/strong>[\/vc_column_text][vc_column_text]La organizaci\u00f3n de nuestras residencias para j\u00f3venes (alojamiento para estudiantes y j\u00f3venes profesionales) se basa en la conciencia del bien com\u00fan, la participaci\u00f3n activa de todas y la colaboraci\u00f3n de todas en la vida cotidiana. Esto permite vivir en un clima de convivencia, responsabilidad y buen humor, reforzado por las actividades que se ofrecen a lo largo del a\u00f1o.[\/vc_column_text][\/vc_column][vc_column width=\u00bb5\/12&#8243; el_id=\u00bbcentro-de-promocion-social\u00bb][vc_single_image image=\u00bb2658&#8243; img_size=\u00bbfull\u00bb][vc_column_text]<strong>Centro de Promoci\u00f3n Social<\/strong>[\/vc_column_text][vc_column_text]En estos centros de orientaci\u00f3n y ayuda en la b\u00fasqueda de empleo, ayudamos a <strong><em>las familias<\/em><\/strong> a encontrar :<\/p>\n<p>&gt; Empleada de hogar\u00a0 (servicio dom\u00e9stico, etc.) interna o a tiempo parcial<br \/>\n&gt; Ayuda a domicilio para personas mayores<br \/>\n&gt; Cuidar a los ni\u00f1os \/ ayudar a los ni\u00f1os<br \/>\n&gt;\u00a0 Acompa\u00f1amiento en los hospitales<\/p>\n<p>Y tambi\u00e9n ayudamos a<strong> las mujeres que buscan trabajo<\/strong> en el sector del servicio dom\u00e9stico y la ayuda a domicilio.[\/vc_column_text][\/vc_column][vc_column width=\u00bb1\/12&#8243;][\/vc_column][\/vc_row][vc_row][vc_column width=\u00bb1\/12&#8243;][\/vc_column][vc_column width=\u00bb5\/12&#8243; el_id=\u00bbcentro-de-acogida\u00bb][vc_single_image image=\u00bb2653&#8243; img_size=\u00bbfull\u00bb][vc_column_text]<strong>Centro de acogida<\/strong>[\/vc_column_text][vc_column_text]Nuestra casa en Bari tiene una misi\u00f3n muy especial y ofrece una acogida completa:<\/p>\n<p>&gt; Pensi\u00f3n completa<br \/>\n&gt; Ayuda, orientaci\u00f3n y acompa\u00f1amiento en la b\u00fasqueda de empleo<br \/>\n&gt; Curso de trabajo dom\u00e9stico<br \/>\n&gt; Curso de lengua del pa\u00eds de acogida<br \/>\n&gt; Formaci\u00f3n humana<br \/>\n&gt; Otras actividades[\/vc_column_text][\/vc_column][vc_column width=\u00bb5\/12&#8243; el_id=\u00bbmision-juvenil\u00bb][vc_single_image image=\u00bb3263&#8243; img_size=\u00bbfull\u00bb][vc_column_text]<strong>Misi\u00f3n juvenil<\/strong>[\/vc_column_text][vc_column_text]En Crotone (Calabria, sur de Italia), los miembros del <a href=\"https:\/\/rmieuropa.com\/es\/quienes-somos\/nuestra-congregacion\/#molavim\">MOLAVIM<\/a> est\u00e1n especialmente comprometidos con los j\u00f3venes, a los que tratan de transmitir su pasi\u00f3n por Cristo y por el bien com\u00fan, a trav\u00e9s de la formaci\u00f3n y de acciones concretas para mejorar la vida en la sociedad.[\/vc_column_text][\/vc_column][vc_column width=\u00bb1\/12&#8243;][\/vc_column][\/vc_row][vc_row css=\u00bb.vc_custom_1575903996891{padding-top: 30px !important;padding-bottom: 30px !important;}\u00bb el_id=\u00bbmission-maison\u00bb][vc_column css=\u00bb.vc_custom_1575903672338{padding-top: 30px !important;padding-bottom: 30px !important;}\u00bb][vc_empty_space][vc_column_text]<\/p>\n<p style=\"text-align: center;\"><span style=\"color: #1681cc;\"><em><strong>Para conocer las misiones detalladas de cada casa,<br \/>\nvisite las p\u00e1ginas de las casas<\/strong><\/em><\/span><\/p>\n<p>[\/vc_column_text][vc_empty_space]<div class=\"rmi-houses \"><div class=\"row\"><div class=\"col-12 col-md-6 col-lg-4 col-xl\"><a class=\"house-bloc mb-3\" style=\"background-image: url(https:\/\/www.rmieuropa.com\/wp-content\/uploads\/2019\/06\/london-1335477_1920.jpg)\" href=\"https:\/\/www.rmieuropa.com\/es\/houses\/londres\/\"><div class=\"title-bloc\"><h3 class=\"title\">Londres<\/h3><div class=\"color-line\" style=\"background-color: #a4adbd\"><\/div><\/div><div class=\"hover-bloc\"><img decoding=\"async\" src=\"https:\/\/www.rmieuropa.com\/wp-content\/uploads\/2019\/07\/ic_london.png\"\/><\/div><\/a><\/div><div class=\"col-12 col-md-6 col-lg-4 col-xl\"><a class=\"house-bloc mb-3\" style=\"background-image: url(https:\/\/www.rmieuropa.com\/wp-content\/uploads\/2019\/06\/europe-2436458_1920.jpg)\" href=\"https:\/\/www.rmieuropa.com\/es\/houses\/milan\/\"><div class=\"title-bloc\"><h3 class=\"title\">Mil\u00e1n<\/h3><div class=\"color-line\" style=\"background-color: #066cb4\"><\/div><\/div><div class=\"hover-bloc\"><img decoding=\"async\" src=\"https:\/\/www.rmieuropa.com\/wp-content\/uploads\/2019\/07\/ic_milan.png\"\/><\/div><\/a><\/div><div class=\"col-12 col-md-6 col-lg-4 col-xl\"><a class=\"house-bloc mb-3\" style=\"background-image: url(https:\/\/www.rmieuropa.com\/wp-content\/uploads\/2019\/06\/rome-4087802_1920.jpg)\" href=\"https:\/\/www.rmieuropa.com\/es\/houses\/rome\/\"><div class=\"title-bloc\"><h3 class=\"title\">Roma<\/h3><div class=\"color-line\" style=\"background-color: #7668ad\"><\/div><\/div><div class=\"hover-bloc\"><img decoding=\"async\" src=\"https:\/\/www.rmieuropa.com\/wp-content\/uploads\/2019\/07\/ic_rome.png\"\/><\/div><\/a><\/div><div class=\"col-12 col-md-6 col-lg-4 col-xl\"><a class=\"house-bloc mb-3\" style=\"background-image: url(https:\/\/www.rmieuropa.com\/wp-content\/uploads\/2019\/06\/bari-3664472_1920.jpg)\" href=\"https:\/\/www.rmieuropa.com\/es\/houses\/bari\/\"><div class=\"title-bloc\"><h3 class=\"title\">Bari<\/h3><div class=\"color-line\" style=\"background-color: #ad4668\"><\/div><\/div><div class=\"hover-bloc\"><img decoding=\"async\" src=\"https:\/\/www.rmieuropa.com\/wp-content\/uploads\/2019\/07\/ic_bari.png\"\/><\/div><\/a><\/div><div class=\"col-12 col-md-6 col-lg-4 col-xl\"><a class=\"house-bloc mb-3\" style=\"background-image: url(https:\/\/www.rmieuropa.com\/wp-content\/uploads\/2019\/06\/eiffel-tower-3349075_1920.jpg)\" href=\"https:\/\/www.rmieuropa.com\/es\/houses\/paris\/\"><div class=\"title-bloc\"><h3 class=\"title\">Par\u00eds<\/h3><div class=\"color-line\" style=\"background-color: #d1579c\"><\/div><\/div><div class=\"hover-bloc\"><img decoding=\"async\" src=\"https:\/\/www.rmieuropa.com\/wp-content\/uploads\/2019\/07\/ic_paris.png\"\/><\/div><\/a><\/div><div class=\"col-12 col-md-6 col-lg-4 col-xl\"><a class=\"house-bloc mb-3\" style=\"background-image: url(https:\/\/www.rmieuropa.com\/wp-content\/uploads\/2019\/06\/reims-4046840_1920.jpg)\" href=\"https:\/\/www.rmieuropa.com\/es\/houses\/reims\/\"><div class=\"title-bloc\"><h3 class=\"title\">Reims<\/h3><div class=\"color-line\" style=\"background-color: #e67abd\"><\/div><\/div><div class=\"hover-bloc\"><img decoding=\"async\" src=\"https:\/\/www.rmieuropa.com\/wp-content\/uploads\/2019\/07\/ic_reims.png\"\/><\/div><\/a><\/div><\/div><\/div>[\/vc_column][\/vc_row]<\/p>\n<\/div>","protected":false},"excerpt":{"rendered":"<p>[vc_row full_width=\u00bbstretch_row_content_no_spaces\u00bb css=\u00bb.vc_custom_1575903367544{padding-bottom: 130px !important;background-color: #004272 !important;background-position: 0 0 !important;background-repeat: no-repeat !important;}\u00bb][vc_column][vc_empty_space][vc_empty_space][vc_column_text] Nuestro apostolado est\u00e1 orientado a la formaci\u00f3n integral y a la evangelizaci\u00f3n de las j\u00f3venes, a trav\u00e9s de la acogida, la presencia, la escucha y el acompa\u00f1amiento (en residencias, centros de promoci\u00f3n social, centros de acogida y escucha, escuelas profesionales, misiones, campamentos de [&hellip;]<\/p>\n","protected":false},"author":1,"featured_media":1920,"parent":0,"menu_order":0,"comment_status":"closed","ping_status":"closed","template":"","meta":{"_acf_changed":false,"footnotes":""},"class_list":["post-3949","page","type-page","status-publish","has-post-thumbnail","hentry"],"acf":[],"yoast_head":"<!-- This site is optimized with the Yoast SEO plugin v27.4 - https:\/\/yoast.com\/product\/yoast-seo-wordpress\/ -->\n<title>Nuestras misiones - Religiosas de Maria Inmaculada<\/title>\n<meta name=\"robots\" content=\"index, follow, max-snippet:-1, max-image-preview:large, max-video-preview:-1\" \/>\n<link rel=\"canonical\" href=\"https:\/\/www.rmieuropa.com\/es\/nuestras-misiones\/\" \/>\n<meta property=\"og:locale\" content=\"es_ES\" \/>\n<meta property=\"og:type\" content=\"article\" \/>\n<meta property=\"og:title\" content=\"Nuestras misiones - Religiosas de Maria Inmaculada\" \/>\n<meta property=\"og:description\" content=\"[vc_row full_width=\u00bbstretch_row_content_no_spaces\u00bb css=\u00bb.vc_custom_1575903367544{padding-bottom: 130px !important;background-color: #004272 !important;background-position: 0 0 !important;background-repeat: no-repeat !important;}\u00bb][vc_column][vc_empty_space][vc_empty_space][vc_column_text] Nuestro apostolado est\u00e1 orientado a la formaci\u00f3n integral y a la evangelizaci\u00f3n de las j\u00f3venes, a trav\u00e9s de la acogida, la presencia, la escucha y el acompa\u00f1amiento (en residencias, centros de promoci\u00f3n social, centros de acogida y escucha, escuelas profesionales, misiones, campamentos de [&hellip;]\" \/>\n<meta property=\"og:url\" content=\"https:\/\/www.rmieuropa.com\/es\/nuestras-misiones\/\" \/>\n<meta property=\"og:site_name\" content=\"Religieuses de Marie Immacul\u00e9e\" \/>\n<meta property=\"article:modified_time\" content=\"2022-02-14T11:01:25+00:00\" \/>\n<meta property=\"og:image\" content=\"https:\/\/www.rmieuropa.com\/wp-content\/uploads\/2019\/12\/nos-missions.jpg\" \/>\n\t<meta property=\"og:image:width\" content=\"1920\" \/>\n\t<meta property=\"og:image:height\" content=\"450\" \/>\n\t<meta property=\"og:image:type\" content=\"image\/jpeg\" \/>\n<meta name=\"twitter:card\" content=\"summary_large_image\" \/>\n<meta name=\"twitter:label1\" content=\"Tiempo de lectura\" \/>\n\t<meta name=\"twitter:data1\" content=\"2 minutos\" \/>\n<script type=\"application\/ld+json\" class=\"yoast-schema-graph\">{\"@context\":\"https:\\\/\\\/schema.org\",\"@graph\":[{\"@type\":\"WebPage\",\"@id\":\"https:\\\/\\\/www.rmieuropa.com\\\/es\\\/nuestras-misiones\\\/\",\"url\":\"https:\\\/\\\/www.rmieuropa.com\\\/es\\\/nuestras-misiones\\\/\",\"name\":\"Nuestras misiones - Religiosas de Maria Inmaculada\",\"isPartOf\":{\"@id\":\"https:\\\/\\\/www.rmieuropa.com\\\/es\\\/#website\"},\"primaryImageOfPage\":{\"@id\":\"https:\\\/\\\/www.rmieuropa.com\\\/es\\\/nuestras-misiones\\\/#primaryimage\"},\"image\":{\"@id\":\"https:\\\/\\\/www.rmieuropa.com\\\/es\\\/nuestras-misiones\\\/#primaryimage\"},\"thumbnailUrl\":\"https:\\\/\\\/www.rmieuropa.com\\\/wp-content\\\/uploads\\\/2019\\\/12\\\/nos-missions.jpg\",\"datePublished\":\"2021-11-22T15:53:51+00:00\",\"dateModified\":\"2022-02-14T11:01:25+00:00\",\"breadcrumb\":{\"@id\":\"https:\\\/\\\/www.rmieuropa.com\\\/es\\\/nuestras-misiones\\\/#breadcrumb\"},\"inLanguage\":\"es\",\"potentialAction\":[{\"@type\":\"ReadAction\",\"target\":[\"https:\\\/\\\/www.rmieuropa.com\\\/es\\\/nuestras-misiones\\\/\"]}]},{\"@type\":\"ImageObject\",\"inLanguage\":\"es\",\"@id\":\"https:\\\/\\\/www.rmieuropa.com\\\/es\\\/nuestras-misiones\\\/#primaryimage\",\"url\":\"https:\\\/\\\/www.rmieuropa.com\\\/wp-content\\\/uploads\\\/2019\\\/12\\\/nos-missions.jpg\",\"contentUrl\":\"https:\\\/\\\/www.rmieuropa.com\\\/wp-content\\\/uploads\\\/2019\\\/12\\\/nos-missions.jpg\",\"width\":1920,\"height\":450},{\"@type\":\"BreadcrumbList\",\"@id\":\"https:\\\/\\\/www.rmieuropa.com\\\/es\\\/nuestras-misiones\\\/#breadcrumb\",\"itemListElement\":[{\"@type\":\"ListItem\",\"position\":1,\"name\":\"Inicio\",\"item\":\"https:\\\/\\\/www.rmieuropa.com\\\/es\\\/\"},{\"@type\":\"ListItem\",\"position\":2,\"name\":\"Nuestras misiones\"}]},{\"@type\":\"WebSite\",\"@id\":\"https:\\\/\\\/www.rmieuropa.com\\\/es\\\/#website\",\"url\":\"https:\\\/\\\/www.rmieuropa.com\\\/es\\\/\",\"name\":\"RMI en Europe - Religieuses de Marie Immacul\u00e9e\",\"description\":\"Foyers pour \u00e9tudiantes en Europe\",\"publisher\":{\"@id\":\"https:\\\/\\\/www.rmieuropa.com\\\/es\\\/#organization\"},\"alternateName\":\"RMI Youth hostels in Europe\",\"potentialAction\":[{\"@type\":\"SearchAction\",\"target\":{\"@type\":\"EntryPoint\",\"urlTemplate\":\"https:\\\/\\\/www.rmieuropa.com\\\/es\\\/?s={search_term_string}\"},\"query-input\":{\"@type\":\"PropertyValueSpecification\",\"valueRequired\":true,\"valueName\":\"search_term_string\"}}],\"inLanguage\":\"es\"},{\"@type\":\"Organization\",\"@id\":\"https:\\\/\\\/www.rmieuropa.com\\\/es\\\/#organization\",\"name\":\"RMI - Religieuses de Marie Immacul\u00e9e\",\"alternateName\":\"RMI Youth hostels in Europe\",\"url\":\"https:\\\/\\\/www.rmieuropa.com\\\/es\\\/\",\"logo\":{\"@type\":\"ImageObject\",\"inLanguage\":\"es\",\"@id\":\"https:\\\/\\\/www.rmieuropa.com\\\/es\\\/#\\\/schema\\\/logo\\\/image\\\/\",\"url\":\"https:\\\/\\\/www.rmieuropa.com\\\/wp-content\\\/uploads\\\/2026\\\/04\\\/rmi.png\",\"contentUrl\":\"https:\\\/\\\/www.rmieuropa.com\\\/wp-content\\\/uploads\\\/2026\\\/04\\\/rmi.png\",\"width\":210,\"height\":174,\"caption\":\"RMI - Religieuses de Marie Immacul\u00e9e\"},\"image\":{\"@id\":\"https:\\\/\\\/www.rmieuropa.com\\\/es\\\/#\\\/schema\\\/logo\\\/image\\\/\"}}]}<\/script>\n<!-- \/ Yoast SEO plugin. -->","yoast_head_json":{"title":"Nuestras misiones - Religiosas de Maria Inmaculada","robots":{"index":"index","follow":"follow","max-snippet":"max-snippet:-1","max-image-preview":"max-image-preview:large","max-video-preview":"max-video-preview:-1"},"canonical":"https:\/\/www.rmieuropa.com\/es\/nuestras-misiones\/","og_locale":"es_ES","og_type":"article","og_title":"Nuestras misiones - Religiosas de Maria Inmaculada","og_description":"[vc_row full_width=\u00bbstretch_row_content_no_spaces\u00bb css=\u00bb.vc_custom_1575903367544{padding-bottom: 130px !important;background-color: #004272 !important;background-position: 0 0 !important;background-repeat: no-repeat !important;}\u00bb][vc_column][vc_empty_space][vc_empty_space][vc_column_text] Nuestro apostolado est\u00e1 orientado a la formaci\u00f3n integral y a la evangelizaci\u00f3n de las j\u00f3venes, a trav\u00e9s de la acogida, la presencia, la escucha y el acompa\u00f1amiento (en residencias, centros de promoci\u00f3n social, centros de acogida y escucha, escuelas profesionales, misiones, campamentos de [&hellip;]","og_url":"https:\/\/www.rmieuropa.com\/es\/nuestras-misiones\/","og_site_name":"Religieuses de Marie Immacul\u00e9e","article_modified_time":"2022-02-14T11:01:25+00:00","og_image":[{"width":1920,"height":450,"url":"https:\/\/www.rmieuropa.com\/wp-content\/uploads\/2019\/12\/nos-missions.jpg","type":"image\/jpeg"}],"twitter_card":"summary_large_image","twitter_misc":{"Tiempo de lectura":"2 minutos"},"schema":{"@context":"https:\/\/schema.org","@graph":[{"@type":"WebPage","@id":"https:\/\/www.rmieuropa.com\/es\/nuestras-misiones\/","url":"https:\/\/www.rmieuropa.com\/es\/nuestras-misiones\/","name":"Nuestras misiones - Religiosas de Maria Inmaculada","isPartOf":{"@id":"https:\/\/www.rmieuropa.com\/es\/#website"},"primaryImageOfPage":{"@id":"https:\/\/www.rmieuropa.com\/es\/nuestras-misiones\/#primaryimage"},"image":{"@id":"https:\/\/www.rmieuropa.com\/es\/nuestras-misiones\/#primaryimage"},"thumbnailUrl":"https:\/\/www.rmieuropa.com\/wp-content\/uploads\/2019\/12\/nos-missions.jpg","datePublished":"2021-11-22T15:53:51+00:00","dateModified":"2022-02-14T11:01:25+00:00","breadcrumb":{"@id":"https:\/\/www.rmieuropa.com\/es\/nuestras-misiones\/#breadcrumb"},"inLanguage":"es","potentialAction":[{"@type":"ReadAction","target":["https:\/\/www.rmieuropa.com\/es\/nuestras-misiones\/"]}]},{"@type":"ImageObject","inLanguage":"es","@id":"https:\/\/www.rmieuropa.com\/es\/nuestras-misiones\/#primaryimage","url":"https:\/\/www.rmieuropa.com\/wp-content\/uploads\/2019\/12\/nos-missions.jpg","contentUrl":"https:\/\/www.rmieuropa.com\/wp-content\/uploads\/2019\/12\/nos-missions.jpg","width":1920,"height":450},{"@type":"BreadcrumbList","@id":"https:\/\/www.rmieuropa.com\/es\/nuestras-misiones\/#breadcrumb","itemListElement":[{"@type":"ListItem","position":1,"name":"Inicio","item":"https:\/\/www.rmieuropa.com\/es\/"},{"@type":"ListItem","position":2,"name":"Nuestras misiones"}]},{"@type":"WebSite","@id":"https:\/\/www.rmieuropa.com\/es\/#website","url":"https:\/\/www.rmieuropa.com\/es\/","name":"RMI en Europe - Religieuses de Marie Immacul\u00e9e","description":"Foyers pour \u00e9tudiantes en Europe","publisher":{"@id":"https:\/\/www.rmieuropa.com\/es\/#organization"},"alternateName":"RMI Youth hostels in Europe","potentialAction":[{"@type":"SearchAction","target":{"@type":"EntryPoint","urlTemplate":"https:\/\/www.rmieuropa.com\/es\/?s={search_term_string}"},"query-input":{"@type":"PropertyValueSpecification","valueRequired":true,"valueName":"search_term_string"}}],"inLanguage":"es"},{"@type":"Organization","@id":"https:\/\/www.rmieuropa.com\/es\/#organization","name":"RMI - Religieuses de Marie Immacul\u00e9e","alternateName":"RMI Youth hostels in Europe","url":"https:\/\/www.rmieuropa.com\/es\/","logo":{"@type":"ImageObject","inLanguage":"es","@id":"https:\/\/www.rmieuropa.com\/es\/#\/schema\/logo\/image\/","url":"https:\/\/www.rmieuropa.com\/wp-content\/uploads\/2026\/04\/rmi.png","contentUrl":"https:\/\/www.rmieuropa.com\/wp-content\/uploads\/2026\/04\/rmi.png","width":210,"height":174,"caption":"RMI - Religieuses de Marie Immacul\u00e9e"},"image":{"@id":"https:\/\/www.rmieuropa.com\/es\/#\/schema\/logo\/image\/"}}]}},"_links":{"self":[{"href":"https:\/\/www.rmieuropa.com\/es\/wp-json\/wp\/v2\/pages\/3949","targetHints":{"allow":["GET"]}}],"collection":[{"href":"https:\/\/www.rmieuropa.com\/es\/wp-json\/wp\/v2\/pages"}],"about":[{"href":"https:\/\/www.rmieuropa.com\/es\/wp-json\/wp\/v2\/types\/page"}],"author":[{"embeddable":true,"href":"https:\/\/www.rmieuropa.com\/es\/wp-json\/wp\/v2\/users\/1"}],"replies":[{"embeddable":true,"href":"https:\/\/www.rmieuropa.com\/es\/wp-json\/wp\/v2\/comments?post=3949"}],"version-history":[{"count":25,"href":"https:\/\/www.rmieuropa.com\/es\/wp-json\/wp\/v2\/pages\/3949\/revisions"}],"predecessor-version":[{"id":5205,"href":"https:\/\/www.rmieuropa.com\/es\/wp-json\/wp\/v2\/pages\/3949\/revisions\/5205"}],"wp:featuredmedia":[{"embeddable":true,"href":"https:\/\/www.rmieuropa.com\/es\/wp-json\/wp\/v2\/media\/1920"}],"wp:attachment":[{"href":"https:\/\/www.rmieuropa.com\/es\/wp-json\/wp\/v2\/media?parent=3949"}],"curies":[{"name":"wp","href":"https:\/\/api.w.org\/{rel}","templated":true}]}}