{"id":3911,"date":"2021-11-22T16:23:28","date_gmt":"2021-11-22T15:23:28","guid":{"rendered":"https:\/\/rmieuropa.com\/?page_id=3911"},"modified":"2022-02-15T13:46:58","modified_gmt":"2022-02-15T12:46:58","slug":"ser-rmi-nuestra-vida","status":"publish","type":"page","link":"https:\/\/www.rmieuropa.com\/es\/quienes-somos\/ser-rmi-nuestra-vida\/","title":{"rendered":"Ser RMI &#8211; nuestra vida"},"content":{"rendered":"<div class=\"wpb-content-wrapper\"><p>[vc_row full_width=\u00bbstretch_row\u00bb css=\u00bb.vc_custom_1640958076992{background-color: #004272 !important;}\u00bb][vc_column css=\u00bb.vc_custom_1640958092100{padding-bottom: 100px !important;}\u00bb][vc_empty_space]    <div class=\"rmi-title text-white text-center\">\n                    <div class=\"rmi-subtitle\">\u00danete a nosotras<\/div>\n                <h2>LAS RMI<\/h2>\n\n    <\/div>\n    [vc_empty_space][\/vc_column][\/vc_row][vc_row full_width=\u00bbstretch_row_content_no_spaces\u00bb equal_height=\u00bbyes\u00bb css=\u00bb.vc_custom_1640958086973{margin-top: -150px !important;}\u00bb][vc_column el_class=\u00bbpx-3 pl-lg-6&#8243; css=\u00bb.vc_custom_1561730715795{padding-right: 10% !important;padding-left: 10% !important;}\u00bb][vc_row_inner][vc_column_inner width=\u00bb1\/12&#8243;][\/vc_column_inner][vc_column_inner width=\u00bb5\/12&#8243; css=\u00bb.vc_custom_1615640214539{margin-right: 10px !important;}\u00bb][vc_single_image image=\u00bb2181&#8243; img_size=\u00bbfull\u00bb alignment=\u00bbcenter\u00bb][vc_single_image image=\u00bb2027&#8243; img_size=\u00bbfull\u00bb][vc_column_text]<strong>\u00bfQui\u00e9n?<\/strong>[\/vc_column_text][vc_column_text css=\u00bb.vc_custom_1644593922531{margin-right: 30px !important;}\u00bb]Una mujer de entre 18 y 35 a\u00f1os que se siente llamada por el Se\u00f1or a entregarse completamente a \u00c9l, a trav\u00e9s de una vida de fraternidad, oraci\u00f3n y servicio a las j\u00f3venes.<br \/>\nDeseando hacerles conocer y amar a Cristo, para que puedan \u00abvivir bien y recibir la salvaci\u00f3n\u00bb, la joven decide libremente responder a su vocaci\u00f3n, consagrando su vida a Dios, por el bien de los j\u00f3venes.<br \/>\nVivir\u00e1 con ellas una misi\u00f3n de prevenci\u00f3n, evangelizaci\u00f3n y santificaci\u00f3n, mediante la acogida, la formaci\u00f3n integral y el acompa\u00f1amiento.[\/vc_column_text][\/vc_column_inner][vc_column_inner width=\u00bb5\/12&#8243; css=\u00bb.vc_custom_1615640060519{margin-left: 10px !important;}\u00bb][vc_single_image image=\u00bb2644&#8243; img_size=\u00bbfull\u00bb alignment=\u00bbcenter\u00bb][vc_single_image image=\u00bb2015&#8243; img_size=\u00bbfull\u00bb][vc_column_text]<strong>\u00bfC\u00f3mo?<\/strong>[\/vc_column_text][vc_column_text]La joven que sienta la llamada por Se\u00f1or y quiera entrar en la Congregaci\u00f3n, despu\u00e9s de haber hablado de este deseo con una hermana que la acompa\u00f1e, debe escribir una carta a la superiora provincial solicitando la admisi\u00f3n, indicando sus motivaciones vocacionales.[\/vc_column_text]    <div class=\"rmi-buttons \">\n        <a class=\"btn btn-rmi-blue\" href=\"https:\/\/rmieuropa.com\/es\/contacto\/?servicename=Ser%20RMI\" title=\"Ser RMI\" >Ser RMI<\/a>    <\/div>\n    [\/vc_column_inner][vc_column_inner width=\u00bb1\/12&#8243;][\/vc_column_inner][\/vc_row_inner][vc_empty_space][\/vc_column][\/vc_row][vc_row full_width=\u00bbstretch_row_content_no_spaces\u00bb equal_height=\u00bbyes\u00bb el_id=\u00bbbgGradientClair\u00bb css=\u00bb.vc_custom_1576080776183{padding-top: 40px !important;}\u00bb][vc_column el_class=\u00bbpx-3 pl-lg-6&#8243; css=\u00bb.vc_custom_1561730715795{padding-right: 10% !important;padding-left: 10% !important;}\u00bb][vc_empty_space]    <div class=\"rmi-title text-white text-center\">\n                    <div class=\"rmi-subtitle\">Vocaci\u00f3n RMI<\/div>\n                <h2>Etapas de formaci\u00f3n<\/h2>\n\n    <\/div>\n    [vc_empty_space][vc_single_image image=\u00bb2648&#8243; img_size=\u00bbfull\u00bb alignment=\u00bbcenter\u00bb][vc_empty_space][\/vc_column][\/vc_row][vc_row full_width=\u00bbstretch_row\u00bb el_class=\u00bbpy-3&#8243;][vc_column width=\u00bb2\/3&#8243;][vc_tta_tour style=\u00bbflat\u00bb shape=\u00bbsquare\u00bb controls_size=\u00bbmd\u00bb active_section=\u00bb1&#8243; el_id=\u00bbdevenir\u00bb][vc_tta_section title=\u00bbEtapa de previa (solicitud y discernimiento \/ prenoviciado (o postulantado)\u00bb tab_id=\u00bbetapes\u00bb el_class=\u00bbetapes\u00bb][vc_column_text]<strong>Etapa previa (solicitud y discernimiento)<\/strong> Esta etapa, que permite que la joven discierna y compruebe que la vocaci\u00f3n y la misi\u00f3n de las Religiosas de Mar\u00eda Inmaculada corresponden a sus aspiraciones y aptitudes, est\u00e1 marcada por la profundizaci\u00f3n de la fe, el acompa\u00f1amiento personal y la b\u00fasqueda de un mejor conocimiento de s\u00ed misma y del Instituto. Es un tiempo (de duraci\u00f3n variable, seg\u00fan cada joven) que le permite reflexionar sobre su vocaci\u00f3n en relaci\u00f3n con la Congregaci\u00f3n y aclarar sus motivaciones, experimentando un primer acercamiento a la vida comunitaria.<\/p>\n<p><strong>Pre-noviciado (o postulantado)<\/strong> Preparaci\u00f3n directa para la entrada al noviciado, es una etapa que permite crecer en el conocimiento mutuo, a trav\u00e9s del acompa\u00f1amiento, de una formaci\u00f3n m\u00e1s intensa y de compartir parte de la vida cotidiana de una comunidad durante un periodo que puede variar de unos meses a 2 a\u00f1os. El inicio de esta etapa est\u00e1 marcado por una sencilla ceremonia familiar de \u00abpaso al prenoviciado\u00bb, durante la cual la joven recibe una peque\u00f1a cruz como signo de su primer compromiso con la Congregaci\u00f3n. Cuando es posible, esta etapa se vive con otras prenovicias. Al final del prenoviciado, una vez adquirida la suficiente madurez humana y espiritual, la joven debe tener instrumentos suficientes para confirmar o no su opci\u00f3n por la vida consagrada.<\/p>\n<p style=\"text-align: center;\"><em><strong>Per\u00edodo de adaptaci\u00f3n<\/strong><\/em><\/p>\n<p>En caso de confirmaci\u00f3n, la prenovicia pasar\u00e1 un breve periodo de adaptaci\u00f3n en la casa del noviciado (unos 3 meses), antes de entrar oficialmente en el \u00abnoviciado\u00bb, donde recibir\u00e1 el h\u00e1bito de novicia.[\/vc_column_text][\/vc_tta_section][vc_tta_section title=\u00bbNoviciado\u00bb tab_id=\u00bbNoviciat\u00bb el_class=\u00bbnoviciat\u00bb][vc_column_text]Etapa fundamental, <strong>la entrada en el noviciado r<\/strong>epresenta una cierta ruptura. Mediante la elecci\u00f3n de un alejamiento provisional (el noviciado dura de <strong>2<\/strong> <strong>a 2 a\u00f1os y medio)<\/strong> de la familia, de los amigos y de las responsabilidades anteriores, se trata de sumergirse en un ambiente similar al vivido por el Se\u00f1or<strong> durante su vida oculta en Nazaret<\/strong>, dejando el mayor espacio posible <strong>para profundizar en la intimidad con Cristo<\/strong> y en el <strong>conocimiento del carisma propio de la Congregaci\u00f3n<\/strong>, a trav\u00e9s de la <strong>oraci\u00f3n<\/strong>, la <strong>reflexi\u00f3n<\/strong>, la <strong>formaci\u00f3n<\/strong>, la <strong>vida comunitaria<\/strong> y el <strong>acompa\u00f1amiento personal<\/strong> de la maestra de novicias.<\/p>\n<p>Adem\u00e1s de la <strong>escuela de vida<\/strong> que representa <strong>la humilde vida cotidiana<\/strong> con las dem\u00e1s novicias, dos experiencias fundamentales jalonan cada uno de los dos a\u00f1os de noviciado: <strong>los 30 d\u00edas de Ejercicios Espirituales de San Ignacio<\/strong> y <strong>los 40 d\u00edas de \u00abpr\u00e1cticas apost\u00f3licas\u00bb<\/strong> en una comunidad.<\/p>\n<p>Para Europa, nuestro noviciado est\u00e1 en <strong>Espa\u00f1a<\/strong> (en Buitrago de Lozoya, cerca de Madrid), acoge a novicias de diferentes pa\u00edses europeos, pero tambi\u00e9n a varias novicias de otros continentes, especialmente de Am\u00e9rica. Nuestros otros noviciados est\u00e1n en India, Filipinas y Burkina Faso.[\/vc_column_text][\/vc_tta_section][vc_tta_section title=\u00bbProfesi\u00f3n temporal (o primeros votos) \/ juniorado\u00bb tab_id=\u00bbJuniorat\u00bb el_class=\u00bbprofession\u00bb][vc_column_text]Al final del noviciado, si se confirma la decisi\u00f3n, la novicia pronuncia sus <strong>\u00abprimeros votos\u00bb<\/strong>, durante una ceremonia en la que <strong>recibe el h\u00e1bito<\/strong> <strong>y el velo <\/strong>propios de la congregaci\u00f3n de las RMI, y se compromete m\u00e1s firmemente con la vida consagrada mediante <strong>los votos de castidad, pobreza y obediencia<\/strong>. Renueva sus votos cada a\u00f1o hasta que emite sus votos perpetuos.<\/p>\n<p>A continuaci\u00f3n viene el periodo de profesi\u00f3n temporal (o <strong>\u00abjuniorado\u00bb<\/strong>) que dura entre seis y nueve a\u00f1os. Durante este per\u00edodo, cada hermana es enviada a una comunidad, con una misi\u00f3n, estudios y todo lo que constituye la vida de una Religiosa de Mar\u00eda Inmaculada.<\/p>\n<p>Frente al realismo de la vida cotidiana, se trata de que la hermana logre unificar interiormente todas sus dimensiones, frente a las m\u00faltiples exigencias de la vida, y de consolidar y confirmar su vocaci\u00f3n, viviendo el entusiasmo del apostolado entre las j\u00f3venes.[\/vc_column_text][\/vc_tta_section][vc_tta_section tab_id=\u00bbProfession\u00bb el_class=\u00bbtroisieme\u00bb title=\u00bb\u00abTerceronado\u00ab (o Tercera probaci\u00f3n) \/ \u00faltima Profesi\u00f3n\u00bb][vc_column_text]Hay que pasar <strong>tres probaciones<\/strong> antes de integrarse plenamente en la Congregaci\u00f3n.<\/p>\n<p>La primera es el discernimiento que precede la entrada al noviciado.<\/p>\n<p>La segunda probaci\u00f3n dura dos a\u00f1os: es el noviciado propiamente dicho, que termina con la emisi\u00f3n de los primeros votos.<\/p>\n<p><strong>La tercera probaci\u00f3n, o tercer a\u00f1o,<\/strong> se propone a quienes (a trav\u00e9s de varios a\u00f1os de vida comunitaria y misionera, oraci\u00f3n, estudio) acaban de pasar por un largo per\u00edodo de formaci\u00f3n humana, espiritual e intelectual, y se concibe como la \u00faltima etapa del proceso de integraci\u00f3n en el cuerpo apost\u00f3lico de la Congregaci\u00f3n.<\/p>\n<p>Durante unos 6 meses, las hermanas \u00abterciarias\u00bb (terceronas), que viven en peque\u00f1a comunidad, reciben una formaci\u00f3n intensa y cuidadosa, en un entorno favorable, para <strong>prepararse<\/strong> a la profesi\u00f3n perpetua.<\/p>\n<p>Esta \u00faltima etapa es llamada por San Ignacio de Loyola \u00abla escuela del coraz\u00f3n\u00bb.<\/p>\n<p>Los componentes esenciales de la tercera probaci\u00f3n son: la fraternidad, una vida de oraci\u00f3n m\u00e1s intensa, la oraci\u00f3n, el acompa\u00f1amiento espiritual, la formaci\u00f3n (por parte de las instructoras y otros colaboradores externos, en particular los jesuitas, a trav\u00e9s de ense\u00f1anzas que tienen en cuenta todas las dimensiones de la persona, en sus componentes humanos, espirituales, afectivos&#8230;), pero tambi\u00e9n momentos de relajaci\u00f3n, etc.<\/p>\n<p>El n\u00facleo de esta etapa son los 30 d\u00edas de ejercicios espirituales.<\/p>\n<p>Por lo tanto, cada religiosa emprende el tercer a\u00f1o, como verificaci\u00f3n final de la autenticidad de su vocaci\u00f3n, <strong>antes de pronunciar sus votos perpetuos.<\/strong>[\/vc_column_text][\/vc_tta_section][\/vc_tta_tour][\/vc_column][vc_column width=\u00bb1\/3&#8243; css=\u00bb.vc_custom_1576081601925{background-color: #1681cc !important;}\u00bb][vc_column_text el_class=\u00bbtext-white\u00bb]<\/p>\n<h2 style=\"text-align: center;\"><strong>La vida de las RMI<\/strong><\/h2>\n<p style=\"margin-top: 30px; margin-bottom: 5px; text-align: center;\">*<\/p>\n<h6><em><strong>Contemplativas en la acci\u00f3n<\/strong>, nuestras jornadas est\u00e1n constituidas por distintos momentos, en los que se alternan tiempos de oraci\u00f3n, tiempos de encuentro comunitario y tiempos dedicados a la misi\u00f3n y a los diferentes servicios que se nos conf\u00edan.<\/em><\/h6>\n<p style=\"margin-bottom: 5px; text-align: center;\">* * *<\/p>\n<h3 style=\"margin-top: 18px; margin-bottom: 12px; padding-left: 40px;\"><strong>Vida espiritual:<\/strong><\/h3>\n<p>Oraci\u00f3n personal<br \/>\nMisa<br \/>\nLiturgia de las horas<br \/>\nRosario<br \/>\nAdoraci\u00f3n eucar\u00edstica<br \/>\nExamen de conciencia ignaciano<br \/>\nLectura espiritual<\/p>\n<h3 style=\"margin-top: 18px; margin-bottom: 12px; padding-left: 40px;\"><strong>Vida comunitaria:<\/strong><\/h3>\n<p>Vida en com\u00fan<br \/>\nComidas<br \/>\nReuniones<br \/>\nRecreos comunitarios<\/p>\n<h3 style=\"margin-top: 18px; margin-bottom: 12px; padding-left: 40px;\"><strong>Vida apost\u00f3lica:<\/strong><\/h3>\n<p>Misi\u00f3n &#8211; oficio personal<br \/>\nServicio<br \/>\nActividades con las j\u00f3venes<br \/>\nEscuchar &#8211; acompa\u00f1ar&#8230;[\/vc_column_text][\/vc_column][\/vc_row]<\/p>\n<\/div>","protected":false},"excerpt":{"rendered":"<p>[vc_row full_width=\u00bbstretch_row\u00bb css=\u00bb.vc_custom_1640958076992{background-color: #004272 !important;}\u00bb][vc_column css=\u00bb.vc_custom_1640958092100{padding-bottom: 100px !important;}\u00bb][vc_empty_space][vc_empty_space][\/vc_column][\/vc_row][vc_row full_width=\u00bbstretch_row_content_no_spaces\u00bb equal_height=\u00bbyes\u00bb css=\u00bb.vc_custom_1640958086973{margin-top: -150px !important;}\u00bb][vc_column el_class=\u00bbpx-3 pl-lg-6&#8243; css=\u00bb.vc_custom_1561730715795{padding-right: 10% !important;padding-left: 10% !important;}\u00bb][vc_row_inner][vc_column_inner width=\u00bb1\/12&#8243;][\/vc_column_inner][vc_column_inner width=\u00bb5\/12&#8243; css=\u00bb.vc_custom_1615640214539{margin-right: 10px !important;}\u00bb][vc_single_image image=\u00bb2181&#8243; img_size=\u00bbfull\u00bb alignment=\u00bbcenter\u00bb][vc_single_image image=\u00bb2027&#8243; img_size=\u00bbfull\u00bb][vc_column_text]\u00bfQui\u00e9n?[\/vc_column_text][vc_column_text css=\u00bb.vc_custom_1644593922531{margin-right: 30px !important;}\u00bb]Una mujer de entre 18 y 35 a\u00f1os que se siente llamada por el Se\u00f1or a entregarse completamente a \u00c9l, a trav\u00e9s de [&hellip;]<\/p>\n","protected":false},"author":1,"featured_media":5290,"parent":3882,"menu_order":0,"comment_status":"closed","ping_status":"closed","template":"","meta":{"_acf_changed":false,"footnotes":""},"class_list":["post-3911","page","type-page","status-publish","has-post-thumbnail","hentry"],"acf":[],"yoast_head":"<!-- This site is optimized with the Yoast SEO plugin v27.4 - https:\/\/yoast.com\/product\/yoast-seo-wordpress\/ -->\n<title>Ser RMI - nuestra vida - Religiosas de Maria Inmaculada<\/title>\n<meta name=\"robots\" content=\"index, follow, max-snippet:-1, max-image-preview:large, max-video-preview:-1\" \/>\n<link rel=\"canonical\" href=\"https:\/\/www.rmieuropa.com\/es\/quienes-somos\/ser-rmi-nuestra-vida\/\" \/>\n<meta property=\"og:locale\" content=\"es_ES\" \/>\n<meta property=\"og:type\" content=\"article\" \/>\n<meta property=\"og:title\" content=\"Ser RMI - nuestra vida - Religiosas de Maria Inmaculada\" \/>\n<meta property=\"og:description\" content=\"[vc_row full_width=\u00bbstretch_row\u00bb css=\u00bb.vc_custom_1640958076992{background-color: #004272 !important;}\u00bb][vc_column css=\u00bb.vc_custom_1640958092100{padding-bottom: 100px !important;}\u00bb][vc_empty_space][vc_empty_space][\/vc_column][\/vc_row][vc_row full_width=\u00bbstretch_row_content_no_spaces\u00bb equal_height=\u00bbyes\u00bb css=\u00bb.vc_custom_1640958086973{margin-top: -150px !important;}\u00bb][vc_column el_class=\u00bbpx-3 pl-lg-6&#8243; css=\u00bb.vc_custom_1561730715795{padding-right: 10% !important;padding-left: 10% !important;}\u00bb][vc_row_inner][vc_column_inner width=\u00bb1\/12&#8243;][\/vc_column_inner][vc_column_inner width=\u00bb5\/12&#8243; css=\u00bb.vc_custom_1615640214539{margin-right: 10px !important;}\u00bb][vc_single_image image=\u00bb2181&#8243; img_size=\u00bbfull\u00bb alignment=\u00bbcenter\u00bb][vc_single_image image=\u00bb2027&#8243; img_size=\u00bbfull\u00bb][vc_column_text]\u00bfQui\u00e9n?[\/vc_column_text][vc_column_text css=\u00bb.vc_custom_1644593922531{margin-right: 30px !important;}\u00bb]Una mujer de entre 18 y 35 a\u00f1os que se siente llamada por el Se\u00f1or a entregarse completamente a \u00c9l, a trav\u00e9s de [&hellip;]\" \/>\n<meta property=\"og:url\" content=\"https:\/\/www.rmieuropa.com\/es\/quienes-somos\/ser-rmi-nuestra-vida\/\" \/>\n<meta property=\"og:site_name\" content=\"Religieuses de Marie Immacul\u00e9e\" \/>\n<meta property=\"article:modified_time\" content=\"2022-02-15T12:46:58+00:00\" \/>\n<meta property=\"og:image\" content=\"https:\/\/www.rmieuropa.com\/wp-content\/uploads\/2022\/02\/fondatrice.jpg\" \/>\n\t<meta property=\"og:image:width\" content=\"1904\" \/>\n\t<meta property=\"og:image:height\" content=\"289\" \/>\n\t<meta property=\"og:image:type\" content=\"image\/jpeg\" \/>\n<meta name=\"twitter:card\" content=\"summary_large_image\" \/>\n<meta name=\"twitter:label1\" content=\"Tiempo de lectura\" \/>\n\t<meta name=\"twitter:data1\" content=\"6 minutos\" \/>\n<script type=\"application\/ld+json\" class=\"yoast-schema-graph\">{\"@context\":\"https:\\\/\\\/schema.org\",\"@graph\":[{\"@type\":\"WebPage\",\"@id\":\"https:\\\/\\\/www.rmieuropa.com\\\/es\\\/quienes-somos\\\/ser-rmi-nuestra-vida\\\/\",\"url\":\"https:\\\/\\\/www.rmieuropa.com\\\/es\\\/quienes-somos\\\/ser-rmi-nuestra-vida\\\/\",\"name\":\"Ser RMI - nuestra vida - Religiosas de Maria Inmaculada\",\"isPartOf\":{\"@id\":\"https:\\\/\\\/www.rmieuropa.com\\\/es\\\/#website\"},\"primaryImageOfPage\":{\"@id\":\"https:\\\/\\\/www.rmieuropa.com\\\/es\\\/quienes-somos\\\/ser-rmi-nuestra-vida\\\/#primaryimage\"},\"image\":{\"@id\":\"https:\\\/\\\/www.rmieuropa.com\\\/es\\\/quienes-somos\\\/ser-rmi-nuestra-vida\\\/#primaryimage\"},\"thumbnailUrl\":\"https:\\\/\\\/www.rmieuropa.com\\\/wp-content\\\/uploads\\\/2022\\\/02\\\/fondatrice.jpg\",\"datePublished\":\"2021-11-22T15:23:28+00:00\",\"dateModified\":\"2022-02-15T12:46:58+00:00\",\"breadcrumb\":{\"@id\":\"https:\\\/\\\/www.rmieuropa.com\\\/es\\\/quienes-somos\\\/ser-rmi-nuestra-vida\\\/#breadcrumb\"},\"inLanguage\":\"es\",\"potentialAction\":[{\"@type\":\"ReadAction\",\"target\":[\"https:\\\/\\\/www.rmieuropa.com\\\/es\\\/quienes-somos\\\/ser-rmi-nuestra-vida\\\/\"]}]},{\"@type\":\"ImageObject\",\"inLanguage\":\"es\",\"@id\":\"https:\\\/\\\/www.rmieuropa.com\\\/es\\\/quienes-somos\\\/ser-rmi-nuestra-vida\\\/#primaryimage\",\"url\":\"https:\\\/\\\/www.rmieuropa.com\\\/wp-content\\\/uploads\\\/2022\\\/02\\\/fondatrice.jpg\",\"contentUrl\":\"https:\\\/\\\/www.rmieuropa.com\\\/wp-content\\\/uploads\\\/2022\\\/02\\\/fondatrice.jpg\",\"width\":1904,\"height\":289},{\"@type\":\"BreadcrumbList\",\"@id\":\"https:\\\/\\\/www.rmieuropa.com\\\/es\\\/quienes-somos\\\/ser-rmi-nuestra-vida\\\/#breadcrumb\",\"itemListElement\":[{\"@type\":\"ListItem\",\"position\":1,\"name\":\"Inicio\",\"item\":\"https:\\\/\\\/www.rmieuropa.com\\\/es\\\/\"},{\"@type\":\"ListItem\",\"position\":2,\"name\":\"\u00bf Qui\u00e9nes somos ?\",\"item\":\"https:\\\/\\\/www.rmieuropa.com\\\/es\\\/quienes-somos\\\/\"},{\"@type\":\"ListItem\",\"position\":3,\"name\":\"Ser RMI &#8211; nuestra vida\"}]},{\"@type\":\"WebSite\",\"@id\":\"https:\\\/\\\/www.rmieuropa.com\\\/es\\\/#website\",\"url\":\"https:\\\/\\\/www.rmieuropa.com\\\/es\\\/\",\"name\":\"RMI en Europe - Religieuses de Marie Immacul\u00e9e\",\"description\":\"Foyers pour \u00e9tudiantes en Europe\",\"publisher\":{\"@id\":\"https:\\\/\\\/www.rmieuropa.com\\\/es\\\/#organization\"},\"alternateName\":\"RMI Youth hostels in Europe\",\"potentialAction\":[{\"@type\":\"SearchAction\",\"target\":{\"@type\":\"EntryPoint\",\"urlTemplate\":\"https:\\\/\\\/www.rmieuropa.com\\\/es\\\/?s={search_term_string}\"},\"query-input\":{\"@type\":\"PropertyValueSpecification\",\"valueRequired\":true,\"valueName\":\"search_term_string\"}}],\"inLanguage\":\"es\"},{\"@type\":\"Organization\",\"@id\":\"https:\\\/\\\/www.rmieuropa.com\\\/es\\\/#organization\",\"name\":\"RMI - Religieuses de Marie Immacul\u00e9e\",\"alternateName\":\"RMI Youth hostels in Europe\",\"url\":\"https:\\\/\\\/www.rmieuropa.com\\\/es\\\/\",\"logo\":{\"@type\":\"ImageObject\",\"inLanguage\":\"es\",\"@id\":\"https:\\\/\\\/www.rmieuropa.com\\\/es\\\/#\\\/schema\\\/logo\\\/image\\\/\",\"url\":\"https:\\\/\\\/www.rmieuropa.com\\\/wp-content\\\/uploads\\\/2026\\\/04\\\/rmi.png\",\"contentUrl\":\"https:\\\/\\\/www.rmieuropa.com\\\/wp-content\\\/uploads\\\/2026\\\/04\\\/rmi.png\",\"width\":210,\"height\":174,\"caption\":\"RMI - Religieuses de Marie Immacul\u00e9e\"},\"image\":{\"@id\":\"https:\\\/\\\/www.rmieuropa.com\\\/es\\\/#\\\/schema\\\/logo\\\/image\\\/\"}}]}<\/script>\n<!-- \/ Yoast SEO plugin. -->","yoast_head_json":{"title":"Ser RMI - nuestra vida - Religiosas de Maria Inmaculada","robots":{"index":"index","follow":"follow","max-snippet":"max-snippet:-1","max-image-preview":"max-image-preview:large","max-video-preview":"max-video-preview:-1"},"canonical":"https:\/\/www.rmieuropa.com\/es\/quienes-somos\/ser-rmi-nuestra-vida\/","og_locale":"es_ES","og_type":"article","og_title":"Ser RMI - nuestra vida - Religiosas de Maria Inmaculada","og_description":"[vc_row full_width=\u00bbstretch_row\u00bb css=\u00bb.vc_custom_1640958076992{background-color: #004272 !important;}\u00bb][vc_column css=\u00bb.vc_custom_1640958092100{padding-bottom: 100px !important;}\u00bb][vc_empty_space][vc_empty_space][\/vc_column][\/vc_row][vc_row full_width=\u00bbstretch_row_content_no_spaces\u00bb equal_height=\u00bbyes\u00bb css=\u00bb.vc_custom_1640958086973{margin-top: -150px !important;}\u00bb][vc_column el_class=\u00bbpx-3 pl-lg-6&#8243; css=\u00bb.vc_custom_1561730715795{padding-right: 10% !important;padding-left: 10% !important;}\u00bb][vc_row_inner][vc_column_inner width=\u00bb1\/12&#8243;][\/vc_column_inner][vc_column_inner width=\u00bb5\/12&#8243; css=\u00bb.vc_custom_1615640214539{margin-right: 10px !important;}\u00bb][vc_single_image image=\u00bb2181&#8243; img_size=\u00bbfull\u00bb alignment=\u00bbcenter\u00bb][vc_single_image image=\u00bb2027&#8243; img_size=\u00bbfull\u00bb][vc_column_text]\u00bfQui\u00e9n?[\/vc_column_text][vc_column_text css=\u00bb.vc_custom_1644593922531{margin-right: 30px !important;}\u00bb]Una mujer de entre 18 y 35 a\u00f1os que se siente llamada por el Se\u00f1or a entregarse completamente a \u00c9l, a trav\u00e9s de [&hellip;]","og_url":"https:\/\/www.rmieuropa.com\/es\/quienes-somos\/ser-rmi-nuestra-vida\/","og_site_name":"Religieuses de Marie Immacul\u00e9e","article_modified_time":"2022-02-15T12:46:58+00:00","og_image":[{"width":1904,"height":289,"url":"https:\/\/www.rmieuropa.com\/wp-content\/uploads\/2022\/02\/fondatrice.jpg","type":"image\/jpeg"}],"twitter_card":"summary_large_image","twitter_misc":{"Tiempo de lectura":"6 minutos"},"schema":{"@context":"https:\/\/schema.org","@graph":[{"@type":"WebPage","@id":"https:\/\/www.rmieuropa.com\/es\/quienes-somos\/ser-rmi-nuestra-vida\/","url":"https:\/\/www.rmieuropa.com\/es\/quienes-somos\/ser-rmi-nuestra-vida\/","name":"Ser RMI - nuestra vida - Religiosas de Maria Inmaculada","isPartOf":{"@id":"https:\/\/www.rmieuropa.com\/es\/#website"},"primaryImageOfPage":{"@id":"https:\/\/www.rmieuropa.com\/es\/quienes-somos\/ser-rmi-nuestra-vida\/#primaryimage"},"image":{"@id":"https:\/\/www.rmieuropa.com\/es\/quienes-somos\/ser-rmi-nuestra-vida\/#primaryimage"},"thumbnailUrl":"https:\/\/www.rmieuropa.com\/wp-content\/uploads\/2022\/02\/fondatrice.jpg","datePublished":"2021-11-22T15:23:28+00:00","dateModified":"2022-02-15T12:46:58+00:00","breadcrumb":{"@id":"https:\/\/www.rmieuropa.com\/es\/quienes-somos\/ser-rmi-nuestra-vida\/#breadcrumb"},"inLanguage":"es","potentialAction":[{"@type":"ReadAction","target":["https:\/\/www.rmieuropa.com\/es\/quienes-somos\/ser-rmi-nuestra-vida\/"]}]},{"@type":"ImageObject","inLanguage":"es","@id":"https:\/\/www.rmieuropa.com\/es\/quienes-somos\/ser-rmi-nuestra-vida\/#primaryimage","url":"https:\/\/www.rmieuropa.com\/wp-content\/uploads\/2022\/02\/fondatrice.jpg","contentUrl":"https:\/\/www.rmieuropa.com\/wp-content\/uploads\/2022\/02\/fondatrice.jpg","width":1904,"height":289},{"@type":"BreadcrumbList","@id":"https:\/\/www.rmieuropa.com\/es\/quienes-somos\/ser-rmi-nuestra-vida\/#breadcrumb","itemListElement":[{"@type":"ListItem","position":1,"name":"Inicio","item":"https:\/\/www.rmieuropa.com\/es\/"},{"@type":"ListItem","position":2,"name":"\u00bf Qui\u00e9nes somos ?","item":"https:\/\/www.rmieuropa.com\/es\/quienes-somos\/"},{"@type":"ListItem","position":3,"name":"Ser RMI &#8211; nuestra vida"}]},{"@type":"WebSite","@id":"https:\/\/www.rmieuropa.com\/es\/#website","url":"https:\/\/www.rmieuropa.com\/es\/","name":"RMI en Europe - Religieuses de Marie Immacul\u00e9e","description":"Foyers pour \u00e9tudiantes en Europe","publisher":{"@id":"https:\/\/www.rmieuropa.com\/es\/#organization"},"alternateName":"RMI Youth hostels in Europe","potentialAction":[{"@type":"SearchAction","target":{"@type":"EntryPoint","urlTemplate":"https:\/\/www.rmieuropa.com\/es\/?s={search_term_string}"},"query-input":{"@type":"PropertyValueSpecification","valueRequired":true,"valueName":"search_term_string"}}],"inLanguage":"es"},{"@type":"Organization","@id":"https:\/\/www.rmieuropa.com\/es\/#organization","name":"RMI - Religieuses de Marie Immacul\u00e9e","alternateName":"RMI Youth hostels in Europe","url":"https:\/\/www.rmieuropa.com\/es\/","logo":{"@type":"ImageObject","inLanguage":"es","@id":"https:\/\/www.rmieuropa.com\/es\/#\/schema\/logo\/image\/","url":"https:\/\/www.rmieuropa.com\/wp-content\/uploads\/2026\/04\/rmi.png","contentUrl":"https:\/\/www.rmieuropa.com\/wp-content\/uploads\/2026\/04\/rmi.png","width":210,"height":174,"caption":"RMI - Religieuses de Marie Immacul\u00e9e"},"image":{"@id":"https:\/\/www.rmieuropa.com\/es\/#\/schema\/logo\/image\/"}}]}},"_links":{"self":[{"href":"https:\/\/www.rmieuropa.com\/es\/wp-json\/wp\/v2\/pages\/3911","targetHints":{"allow":["GET"]}}],"collection":[{"href":"https:\/\/www.rmieuropa.com\/es\/wp-json\/wp\/v2\/pages"}],"about":[{"href":"https:\/\/www.rmieuropa.com\/es\/wp-json\/wp\/v2\/types\/page"}],"author":[{"embeddable":true,"href":"https:\/\/www.rmieuropa.com\/es\/wp-json\/wp\/v2\/users\/1"}],"replies":[{"embeddable":true,"href":"https:\/\/www.rmieuropa.com\/es\/wp-json\/wp\/v2\/comments?post=3911"}],"version-history":[{"count":40,"href":"https:\/\/www.rmieuropa.com\/es\/wp-json\/wp\/v2\/pages\/3911\/revisions"}],"predecessor-version":[{"id":5349,"href":"https:\/\/www.rmieuropa.com\/es\/wp-json\/wp\/v2\/pages\/3911\/revisions\/5349"}],"up":[{"embeddable":true,"href":"https:\/\/www.rmieuropa.com\/es\/wp-json\/wp\/v2\/pages\/3882"}],"wp:featuredmedia":[{"embeddable":true,"href":"https:\/\/www.rmieuropa.com\/es\/wp-json\/wp\/v2\/media\/5290"}],"wp:attachment":[{"href":"https:\/\/www.rmieuropa.com\/es\/wp-json\/wp\/v2\/media?parent=3911"}],"curies":[{"name":"wp","href":"https:\/\/api.w.org\/{rel}","templated":true}]}}