{"id":3887,"date":"2021-11-22T16:06:29","date_gmt":"2021-11-22T15:06:29","guid":{"rendered":"https:\/\/rmieuropa.com\/?page_id=3887"},"modified":"2022-02-15T10:18:41","modified_gmt":"2022-02-15T09:18:41","slug":"la-fundadora","status":"publish","type":"page","link":"https:\/\/www.rmieuropa.com\/es\/quienes-somos\/la-fundadora\/","title":{"rendered":"La fundadora"},"content":{"rendered":"<div class=\"wpb-content-wrapper\"><p>[vc_row full_width=\u00bbstretch_row\u00bb css=\u00bb.vc_custom_1564408011447{background-color: #f5f5f5 !important;}\u00bb][vc_column]    <div class=\"rmi-title text-center\">\n                    <div class=\"rmi-subtitle\">Santa vicente maria<\/div>\n                <h2>HISTORIA<\/h2>\n\n    <\/div>\n    [vc_column_text css=\u00bb.vc_custom_1570741234360{padding-right: 20% !important;padding-left: 20% !important;}\u00bb]<\/p>\n<p style=\"text-align: center; font-size: 18px; color: #9e9d9d;\">Santa Vicenta Mar\u00eda L\u00f3pez y Vicu\u00f1a busc\u00f3 y descubri\u00f3 la Voluntad de Dios en su vida&#8230; En 1876, respondiendo a la llamada del Esp\u00edritu Santo, fund\u00f3 la Congregaci\u00f3n de las Religiosas de Mar\u00eda Inmaculada.<\/p>\n<p>[\/vc_column_text][vc_row_inner][vc_column_inner width=\u00bb1\/2&#8243;][vc_empty_space height=\u00bb54px\u00bb][vc_single_image image=\u00bb3568&#8243; img_size=\u00bbfull\u00bb alignment=\u00bbcenter\u00bb style=\u00bbvc_box_shadow_3d\u00bb css_animation=\u00bbfadeIn\u00bb][\/vc_column_inner][vc_column_inner width=\u00bb1\/2&#8243;][vc_column_text]Fundadora de las Religiosas de Mar\u00eda Inmaculada, naci\u00f3 en Cascante (Navarra, Espa\u00f1a), en plena \u00abrevoluci\u00f3n industrial\u00bb.<\/p>\n<p>Pas\u00f3 su infancia y juventud en Madrid, donde sus padres la enviaron a los 10 a\u00f1os para completar su educaci\u00f3n con su t\u00eda. Pero ah\u00ed tambi\u00e9n descubri\u00f3 la soledad de las j\u00f3venes del campo que hab\u00edan llegado a la ciudad en busca de trabajo.[\/vc_column_text][vc_column_text]Ya en 1868, sinti\u00f3 claramente la llamada a consagrarse a Dios, que le pidi\u00f3 que ayudara a sus queridas \u00abchicas\u00bb\u2026<\/p>\n<p>En 1876 fund\u00f3 la Congregaci\u00f3n de las Religiosas de Mar\u00eda Inmaculada, destinada a acoger a los j\u00f3venes, ofrecerles una formaci\u00f3n, trabajar por su promoci\u00f3n y ayudarles a descubrir el proyecto de Dios para sus vidas.[\/vc_column_text][\/vc_column_inner][\/vc_row_inner][vc_column_text css=\u00bb.vc_custom_1570741259234{padding-top: 5% !important;padding-right: 7% !important;padding-bottom: 5% !important;padding-left: 7% !important;background-color: #ffffff !important;}\u00bb]<\/p>\n<h3>ORIGEN<\/h3>\n<p>El inicio de la acci\u00f3n social y evangelizadora de la Congregaci\u00f3n fue obra de don Manuel Mar\u00eda y do\u00f1a Mar\u00eda Eulalia Vicu\u00f1a, t\u00edos de nuestra fundadora, que se sintieron tocados por la indigencia y la vulnerabilidad de las j\u00f3venes que ven\u00edan del campo a trabajar como sirvientas a Madrid.[\/vc_column_text]    <div class=\"rmi-timeline \">\n            <div class=\"rmi-timeline_item left \">\n        <div class=\"content\">\n            <h2 class=\"h3\">1847<\/h2>\n            <\/p>\n<p style=\"text-align: right;\">Vicenta Mar\u00eda L\u00f3pez y Vicu\u00f1a nace el 22 de marzo de 1847 en Cascante, una peque\u00f1a localidad navarra cercana a Tudela, en el seno de una familia acomodada y profundamente cristiana.<\/p>\n<p>        <\/div>\n    <\/div>\n        <div class=\"rmi-timeline_item right \">\n        <div class=\"content\">\n            <h2 class=\"h3\">1857<\/h2>\n            En 1857, sus padres la env\u00edan a vivir con sus t\u00edos a Madrid, donde pasa su infancia y juventud para perfeccionar su educaci\u00f3n y completar su formaci\u00f3n (clases de franc\u00e9s, piano, pintura, doctrina cristiana, etc.).<\/p>\n<p>Sin embargo, acompa\u00f1ando a su t\u00eda Mar\u00eda Eulalia Vicu\u00f1a en sus visitas al hospital, descubri\u00f3 tambi\u00e9n la soledad y el desarraigo de estas j\u00f3venes \u00absirvientas\u00bb, que lo perd\u00edan todo al caer enfermas y se encontraban sin ning\u00fan recurso al salir. Es esta realidad, que empieza a experimentar de primera mano, la que cambiar\u00e1 su vida.        <\/div>\n    <\/div>\n        <div class=\"rmi-timeline_item left \">\n        <div class=\"content\">\n            <h2 class=\"h3\">1868<\/h2>\n            Ten\u00eda 21 a\u00f1os cuando, respondiendo a la llamada del Esp\u00edritu Santo, decidi\u00f3 fundar la Congregaci\u00f3n de las Religiosas de Mar\u00eda Inmaculada. Al salir de su retiro de discernimiento y en respuesta a una pregunta sobre su decisi\u00f3n, exclama: \u00ab\u00a1Las chicas han triunfado!\u00bb        <\/div>\n    <\/div>\n        <div class=\"rmi-timeline_item right \">\n        <div class=\"content\">\n            <h2 class=\"h3\">1876<\/h2>\n            Su continua b\u00fasqueda del proyecto de Dios para su vida, su experiencia espiritual de sentirse preservada por el amor misericordioso de Dios y su observaci\u00f3n compasiva de la situaci\u00f3n de las j\u00f3venes que emigran a la ciudad, viviendo en una situaci\u00f3n de precariedad y abandono social, superan las dificultades que encuentra, incluida la oposici\u00f3n de su padre a este proyecto aparentemente insensato.<\/p>\n<p>Al fundar la Congregaci\u00f3n de las Religiosas de Mar\u00eda Inmaculada en Madrid, Vicenta Mar\u00eda dio su vida para preservar a estas j\u00f3venes del mal y ayudarlas a crecer en el Bien.<\/p>\n<p>\u00abEstoy persuadida de que mi vida es para ellas.\u00bb        <\/div>\n    <\/div>\n        <div class=\"rmi-timeline_item left \">\n        <div class=\"content\">\n            <h2 class=\"h3\">1890<\/h2>\n            <\/p>\n<p style=\"text-align: right;\">Hace su \u00faltima profesi\u00f3n y, enferma de tuberculosis, muere en Madrid el d\u00eda despu\u00e9s de Navidad a los 43 a\u00f1os.<\/p>\n<p>        <\/div>\n    <\/div>\n        <div class=\"rmi-timeline_item right \">\n        <div class=\"content\">\n            <h2 class=\"h3\">CANONIZACI\u00d3N<\/h2>\n            El 19 de febrero de 1950, fue beatificada por el Papa P\u00edo XII, y luego canonizada por el Papa Pablo VI el 25 de mayo de 1975.        <\/div>\n    <\/div>\n        <\/div>\n    [vc_empty_space][vc_column_text css=\u00bb.vc_custom_1564408460029{padding-top: 5% !important;padding-right: 7% !important;padding-bottom: 5% !important;padding-left: 7% !important;background-color: #004272 !important;}\u00bb el_class=\u00bbtext-white\u00bb]<\/p>\n<h3>Hoy en d\u00eda<\/h3>\n<p>Su congregaci\u00f3n est\u00e1 presente en cuatro continentes y el objetivo de nuestra presencia es siempre el que nos mostr\u00f3: acoger a las j\u00f3venes que trabajan o se preparan con sus estudios para ocupar su lugar en la sociedad, acompa\u00f1\u00e1ndoles en su camino de realizaci\u00f3n, de acuerdo con la ense\u00f1anza de Cristo.<br \/>\nA las j\u00f3venes que entran en contacto con nuestra comunidad, les proponemos una concepci\u00f3n cristiana de la vida y les ofrecemos un lugar de acogida propicio para compartir y para su desarrollo integral.[\/vc_column_text][\/vc_column][\/vc_row][vc_row][vc_column][vc_empty_space]    <div class=\"rmi-title \">\n                    <div class=\"rmi-subtitle\">nuestros valores<\/div>\n                <h2>Como Vicenta Maria, queremos...<\/h2>\n\n    <\/div>\n    [vc_empty_space][\/vc_column][\/vc_row][vc_row][vc_column width=\u00bb1\/3&#8243; css=\u00bb.vc_custom_1566916391869{border-left-width: 1px !important;padding-bottom: 60px !important;padding-left: 10px !important;border-left-color: #e5e5e5 !important;border-left-style: solid !important;}\u00bb][vc_single_image image=\u00bb1700&#8243; img_size=\u00bbfull\u00bb][vc_column_text]<\/p>\n<h3>Discernir<\/h3>\n<p>&#8230; y decidir seg\u00fan \u00ab&#8230; la m\u00e1s evidente gloria de Dios y la mayor necesidad de la \u00e9poca\u00bb, ofreciendo nuestra vida a Dios, por amor y servicio a las j\u00f3venes.[\/vc_column_text][\/vc_column][vc_column width=\u00bb1\/3&#8243; css=\u00bb.vc_custom_1566986430908{border-left-width: 1px !important;padding-bottom: 30px !important;padding-left: 10px !important;border-left-color: #e5e5e5 !important;border-left-style: solid !important;}\u00bb][vc_single_image image=\u00bb1676&#8243; img_size=\u00bbfull\u00bb][vc_column_text]<\/p>\n<h3>Formar<\/h3>\n<p>&#8230;a las j\u00f3venes \u00abpara que procuren llevar en las familias la buena semilla del Evangelio\u00bb (RP 226D) o en los lugares donde viven, para una transformaci\u00f3n de la sociedad \u00abdesde dentro\u00bb.[\/vc_column_text][\/vc_column][vc_column width=\u00bb1\/3&#8243; css=\u00bb.vc_custom_1566986439855{border-left-width: 1px !important;padding-bottom: 80px !important;padding-left: 10px !important;border-left-color: #e5e5e5 !important;border-left-style: solid !important;}\u00bb][vc_single_image image=\u00bb1704&#8243; img_size=\u00bbfull\u00bb][vc_column_text]<\/p>\n<h3>Preservar<\/h3>\n<p>&#8230; a todos las j\u00f3venes del mal y de situaciones injustas que podr\u00edan perjudicar su vida, tratando de educarlas mediante una pedagog\u00eda preventiva.[\/vc_column_text][\/vc_column][\/vc_row]<\/p>\n<\/div>","protected":false},"excerpt":{"rendered":"<p>[vc_row full_width=\u00bbstretch_row\u00bb css=\u00bb.vc_custom_1564408011447{background-color: #f5f5f5 !important;}\u00bb][vc_column][vc_column_text css=\u00bb.vc_custom_1570741234360{padding-right: 20% !important;padding-left: 20% !important;}\u00bb] Santa Vicenta Mar\u00eda L\u00f3pez y Vicu\u00f1a busc\u00f3 y descubri\u00f3 la Voluntad de Dios en su vida&#8230; En 1876, respondiendo a la llamada del Esp\u00edritu Santo, fund\u00f3 la Congregaci\u00f3n de las Religiosas de Mar\u00eda Inmaculada. [\/vc_column_text][vc_row_inner][vc_column_inner width=\u00bb1\/2&#8243;][vc_empty_space height=\u00bb54px\u00bb][vc_single_image image=\u00bb3568&#8243; img_size=\u00bbfull\u00bb alignment=\u00bbcenter\u00bb style=\u00bbvc_box_shadow_3d\u00bb css_animation=\u00bbfadeIn\u00bb][\/vc_column_inner][vc_column_inner width=\u00bb1\/2&#8243;][vc_column_text]Fundadora de las [&hellip;]<\/p>\n","protected":false},"author":1,"featured_media":5295,"parent":3882,"menu_order":0,"comment_status":"closed","ping_status":"closed","template":"","meta":{"_acf_changed":false,"footnotes":""},"class_list":["post-3887","page","type-page","status-publish","has-post-thumbnail","hentry"],"acf":[],"yoast_head":"<!-- This site is optimized with the Yoast SEO plugin v27.4 - https:\/\/yoast.com\/product\/yoast-seo-wordpress\/ -->\n<title>La fundadora - Religiosas de Maria Inmaculada<\/title>\n<meta name=\"robots\" content=\"index, follow, max-snippet:-1, max-image-preview:large, max-video-preview:-1\" \/>\n<link rel=\"canonical\" href=\"https:\/\/www.rmieuropa.com\/es\/quienes-somos\/la-fundadora\/\" \/>\n<meta property=\"og:locale\" content=\"es_ES\" \/>\n<meta property=\"og:type\" content=\"article\" \/>\n<meta property=\"og:title\" content=\"La fundadora - Religiosas de Maria Inmaculada\" \/>\n<meta property=\"og:description\" content=\"[vc_row full_width=\u00bbstretch_row\u00bb css=\u00bb.vc_custom_1564408011447{background-color: #f5f5f5 !important;}\u00bb][vc_column][vc_column_text css=\u00bb.vc_custom_1570741234360{padding-right: 20% !important;padding-left: 20% !important;}\u00bb] Santa Vicenta Mar\u00eda L\u00f3pez y Vicu\u00f1a busc\u00f3 y descubri\u00f3 la Voluntad de Dios en su vida&#8230; En 1876, respondiendo a la llamada del Esp\u00edritu Santo, fund\u00f3 la Congregaci\u00f3n de las Religiosas de Mar\u00eda Inmaculada. [\/vc_column_text][vc_row_inner][vc_column_inner width=\u00bb1\/2&#8243;][vc_empty_space height=\u00bb54px\u00bb][vc_single_image image=\u00bb3568&#8243; img_size=\u00bbfull\u00bb alignment=\u00bbcenter\u00bb style=\u00bbvc_box_shadow_3d\u00bb css_animation=\u00bbfadeIn\u00bb][\/vc_column_inner][vc_column_inner width=\u00bb1\/2&#8243;][vc_column_text]Fundadora de las [&hellip;]\" \/>\n<meta property=\"og:url\" content=\"https:\/\/www.rmieuropa.com\/es\/quienes-somos\/la-fundadora\/\" \/>\n<meta property=\"og:site_name\" content=\"Religieuses de Marie Immacul\u00e9e\" \/>\n<meta property=\"article:modified_time\" content=\"2022-02-15T09:18:41+00:00\" \/>\n<meta property=\"og:image\" content=\"https:\/\/www.rmieuropa.com\/wp-content\/uploads\/2022\/02\/about_banner.jpg\" \/>\n\t<meta property=\"og:image:width\" content=\"1904\" \/>\n\t<meta property=\"og:image:height\" content=\"289\" \/>\n\t<meta property=\"og:image:type\" content=\"image\/jpeg\" \/>\n<meta name=\"twitter:card\" content=\"summary_large_image\" \/>\n<meta name=\"twitter:label1\" content=\"Tiempo de lectura\" \/>\n\t<meta name=\"twitter:data1\" content=\"5 minutos\" \/>\n<script type=\"application\/ld+json\" class=\"yoast-schema-graph\">{\"@context\":\"https:\\\/\\\/schema.org\",\"@graph\":[{\"@type\":\"WebPage\",\"@id\":\"https:\\\/\\\/www.rmieuropa.com\\\/es\\\/quienes-somos\\\/la-fundadora\\\/\",\"url\":\"https:\\\/\\\/www.rmieuropa.com\\\/es\\\/quienes-somos\\\/la-fundadora\\\/\",\"name\":\"La fundadora - Religiosas de Maria Inmaculada\",\"isPartOf\":{\"@id\":\"https:\\\/\\\/www.rmieuropa.com\\\/es\\\/#website\"},\"primaryImageOfPage\":{\"@id\":\"https:\\\/\\\/www.rmieuropa.com\\\/es\\\/quienes-somos\\\/la-fundadora\\\/#primaryimage\"},\"image\":{\"@id\":\"https:\\\/\\\/www.rmieuropa.com\\\/es\\\/quienes-somos\\\/la-fundadora\\\/#primaryimage\"},\"thumbnailUrl\":\"https:\\\/\\\/www.rmieuropa.com\\\/wp-content\\\/uploads\\\/2022\\\/02\\\/about_banner.jpg\",\"datePublished\":\"2021-11-22T15:06:29+00:00\",\"dateModified\":\"2022-02-15T09:18:41+00:00\",\"breadcrumb\":{\"@id\":\"https:\\\/\\\/www.rmieuropa.com\\\/es\\\/quienes-somos\\\/la-fundadora\\\/#breadcrumb\"},\"inLanguage\":\"es\",\"potentialAction\":[{\"@type\":\"ReadAction\",\"target\":[\"https:\\\/\\\/www.rmieuropa.com\\\/es\\\/quienes-somos\\\/la-fundadora\\\/\"]}]},{\"@type\":\"ImageObject\",\"inLanguage\":\"es\",\"@id\":\"https:\\\/\\\/www.rmieuropa.com\\\/es\\\/quienes-somos\\\/la-fundadora\\\/#primaryimage\",\"url\":\"https:\\\/\\\/www.rmieuropa.com\\\/wp-content\\\/uploads\\\/2022\\\/02\\\/about_banner.jpg\",\"contentUrl\":\"https:\\\/\\\/www.rmieuropa.com\\\/wp-content\\\/uploads\\\/2022\\\/02\\\/about_banner.jpg\",\"width\":1904,\"height\":289},{\"@type\":\"BreadcrumbList\",\"@id\":\"https:\\\/\\\/www.rmieuropa.com\\\/es\\\/quienes-somos\\\/la-fundadora\\\/#breadcrumb\",\"itemListElement\":[{\"@type\":\"ListItem\",\"position\":1,\"name\":\"Inicio\",\"item\":\"https:\\\/\\\/www.rmieuropa.com\\\/es\\\/\"},{\"@type\":\"ListItem\",\"position\":2,\"name\":\"\u00bf Qui\u00e9nes somos ?\",\"item\":\"https:\\\/\\\/www.rmieuropa.com\\\/es\\\/quienes-somos\\\/\"},{\"@type\":\"ListItem\",\"position\":3,\"name\":\"La fundadora\"}]},{\"@type\":\"WebSite\",\"@id\":\"https:\\\/\\\/www.rmieuropa.com\\\/es\\\/#website\",\"url\":\"https:\\\/\\\/www.rmieuropa.com\\\/es\\\/\",\"name\":\"RMI en Europe - Religieuses de Marie Immacul\u00e9e\",\"description\":\"Foyers pour \u00e9tudiantes en Europe\",\"publisher\":{\"@id\":\"https:\\\/\\\/www.rmieuropa.com\\\/es\\\/#organization\"},\"alternateName\":\"RMI Youth hostels in Europe\",\"potentialAction\":[{\"@type\":\"SearchAction\",\"target\":{\"@type\":\"EntryPoint\",\"urlTemplate\":\"https:\\\/\\\/www.rmieuropa.com\\\/es\\\/?s={search_term_string}\"},\"query-input\":{\"@type\":\"PropertyValueSpecification\",\"valueRequired\":true,\"valueName\":\"search_term_string\"}}],\"inLanguage\":\"es\"},{\"@type\":\"Organization\",\"@id\":\"https:\\\/\\\/www.rmieuropa.com\\\/es\\\/#organization\",\"name\":\"RMI - Religieuses de Marie Immacul\u00e9e\",\"alternateName\":\"RMI Youth hostels in Europe\",\"url\":\"https:\\\/\\\/www.rmieuropa.com\\\/es\\\/\",\"logo\":{\"@type\":\"ImageObject\",\"inLanguage\":\"es\",\"@id\":\"https:\\\/\\\/www.rmieuropa.com\\\/es\\\/#\\\/schema\\\/logo\\\/image\\\/\",\"url\":\"https:\\\/\\\/www.rmieuropa.com\\\/wp-content\\\/uploads\\\/2026\\\/04\\\/rmi.png\",\"contentUrl\":\"https:\\\/\\\/www.rmieuropa.com\\\/wp-content\\\/uploads\\\/2026\\\/04\\\/rmi.png\",\"width\":210,\"height\":174,\"caption\":\"RMI - Religieuses de Marie Immacul\u00e9e\"},\"image\":{\"@id\":\"https:\\\/\\\/www.rmieuropa.com\\\/es\\\/#\\\/schema\\\/logo\\\/image\\\/\"}}]}<\/script>\n<!-- \/ Yoast SEO plugin. -->","yoast_head_json":{"title":"La fundadora - Religiosas de Maria Inmaculada","robots":{"index":"index","follow":"follow","max-snippet":"max-snippet:-1","max-image-preview":"max-image-preview:large","max-video-preview":"max-video-preview:-1"},"canonical":"https:\/\/www.rmieuropa.com\/es\/quienes-somos\/la-fundadora\/","og_locale":"es_ES","og_type":"article","og_title":"La fundadora - Religiosas de Maria Inmaculada","og_description":"[vc_row full_width=\u00bbstretch_row\u00bb css=\u00bb.vc_custom_1564408011447{background-color: #f5f5f5 !important;}\u00bb][vc_column][vc_column_text css=\u00bb.vc_custom_1570741234360{padding-right: 20% !important;padding-left: 20% !important;}\u00bb] Santa Vicenta Mar\u00eda L\u00f3pez y Vicu\u00f1a busc\u00f3 y descubri\u00f3 la Voluntad de Dios en su vida&#8230; En 1876, respondiendo a la llamada del Esp\u00edritu Santo, fund\u00f3 la Congregaci\u00f3n de las Religiosas de Mar\u00eda Inmaculada. [\/vc_column_text][vc_row_inner][vc_column_inner width=\u00bb1\/2&#8243;][vc_empty_space height=\u00bb54px\u00bb][vc_single_image image=\u00bb3568&#8243; img_size=\u00bbfull\u00bb alignment=\u00bbcenter\u00bb style=\u00bbvc_box_shadow_3d\u00bb css_animation=\u00bbfadeIn\u00bb][\/vc_column_inner][vc_column_inner width=\u00bb1\/2&#8243;][vc_column_text]Fundadora de las [&hellip;]","og_url":"https:\/\/www.rmieuropa.com\/es\/quienes-somos\/la-fundadora\/","og_site_name":"Religieuses de Marie Immacul\u00e9e","article_modified_time":"2022-02-15T09:18:41+00:00","og_image":[{"width":1904,"height":289,"url":"https:\/\/www.rmieuropa.com\/wp-content\/uploads\/2022\/02\/about_banner.jpg","type":"image\/jpeg"}],"twitter_card":"summary_large_image","twitter_misc":{"Tiempo de lectura":"5 minutos"},"schema":{"@context":"https:\/\/schema.org","@graph":[{"@type":"WebPage","@id":"https:\/\/www.rmieuropa.com\/es\/quienes-somos\/la-fundadora\/","url":"https:\/\/www.rmieuropa.com\/es\/quienes-somos\/la-fundadora\/","name":"La fundadora - Religiosas de Maria Inmaculada","isPartOf":{"@id":"https:\/\/www.rmieuropa.com\/es\/#website"},"primaryImageOfPage":{"@id":"https:\/\/www.rmieuropa.com\/es\/quienes-somos\/la-fundadora\/#primaryimage"},"image":{"@id":"https:\/\/www.rmieuropa.com\/es\/quienes-somos\/la-fundadora\/#primaryimage"},"thumbnailUrl":"https:\/\/www.rmieuropa.com\/wp-content\/uploads\/2022\/02\/about_banner.jpg","datePublished":"2021-11-22T15:06:29+00:00","dateModified":"2022-02-15T09:18:41+00:00","breadcrumb":{"@id":"https:\/\/www.rmieuropa.com\/es\/quienes-somos\/la-fundadora\/#breadcrumb"},"inLanguage":"es","potentialAction":[{"@type":"ReadAction","target":["https:\/\/www.rmieuropa.com\/es\/quienes-somos\/la-fundadora\/"]}]},{"@type":"ImageObject","inLanguage":"es","@id":"https:\/\/www.rmieuropa.com\/es\/quienes-somos\/la-fundadora\/#primaryimage","url":"https:\/\/www.rmieuropa.com\/wp-content\/uploads\/2022\/02\/about_banner.jpg","contentUrl":"https:\/\/www.rmieuropa.com\/wp-content\/uploads\/2022\/02\/about_banner.jpg","width":1904,"height":289},{"@type":"BreadcrumbList","@id":"https:\/\/www.rmieuropa.com\/es\/quienes-somos\/la-fundadora\/#breadcrumb","itemListElement":[{"@type":"ListItem","position":1,"name":"Inicio","item":"https:\/\/www.rmieuropa.com\/es\/"},{"@type":"ListItem","position":2,"name":"\u00bf Qui\u00e9nes somos ?","item":"https:\/\/www.rmieuropa.com\/es\/quienes-somos\/"},{"@type":"ListItem","position":3,"name":"La fundadora"}]},{"@type":"WebSite","@id":"https:\/\/www.rmieuropa.com\/es\/#website","url":"https:\/\/www.rmieuropa.com\/es\/","name":"RMI en Europe - Religieuses de Marie Immacul\u00e9e","description":"Foyers pour \u00e9tudiantes en Europe","publisher":{"@id":"https:\/\/www.rmieuropa.com\/es\/#organization"},"alternateName":"RMI Youth hostels in Europe","potentialAction":[{"@type":"SearchAction","target":{"@type":"EntryPoint","urlTemplate":"https:\/\/www.rmieuropa.com\/es\/?s={search_term_string}"},"query-input":{"@type":"PropertyValueSpecification","valueRequired":true,"valueName":"search_term_string"}}],"inLanguage":"es"},{"@type":"Organization","@id":"https:\/\/www.rmieuropa.com\/es\/#organization","name":"RMI - Religieuses de Marie Immacul\u00e9e","alternateName":"RMI Youth hostels in Europe","url":"https:\/\/www.rmieuropa.com\/es\/","logo":{"@type":"ImageObject","inLanguage":"es","@id":"https:\/\/www.rmieuropa.com\/es\/#\/schema\/logo\/image\/","url":"https:\/\/www.rmieuropa.com\/wp-content\/uploads\/2026\/04\/rmi.png","contentUrl":"https:\/\/www.rmieuropa.com\/wp-content\/uploads\/2026\/04\/rmi.png","width":210,"height":174,"caption":"RMI - Religieuses de Marie Immacul\u00e9e"},"image":{"@id":"https:\/\/www.rmieuropa.com\/es\/#\/schema\/logo\/image\/"}}]}},"_links":{"self":[{"href":"https:\/\/www.rmieuropa.com\/es\/wp-json\/wp\/v2\/pages\/3887","targetHints":{"allow":["GET"]}}],"collection":[{"href":"https:\/\/www.rmieuropa.com\/es\/wp-json\/wp\/v2\/pages"}],"about":[{"href":"https:\/\/www.rmieuropa.com\/es\/wp-json\/wp\/v2\/types\/page"}],"author":[{"embeddable":true,"href":"https:\/\/www.rmieuropa.com\/es\/wp-json\/wp\/v2\/users\/1"}],"replies":[{"embeddable":true,"href":"https:\/\/www.rmieuropa.com\/es\/wp-json\/wp\/v2\/comments?post=3887"}],"version-history":[{"count":21,"href":"https:\/\/www.rmieuropa.com\/es\/wp-json\/wp\/v2\/pages\/3887\/revisions"}],"predecessor-version":[{"id":5345,"href":"https:\/\/www.rmieuropa.com\/es\/wp-json\/wp\/v2\/pages\/3887\/revisions\/5345"}],"up":[{"embeddable":true,"href":"https:\/\/www.rmieuropa.com\/es\/wp-json\/wp\/v2\/pages\/3882"}],"wp:featuredmedia":[{"embeddable":true,"href":"https:\/\/www.rmieuropa.com\/es\/wp-json\/wp\/v2\/media\/5295"}],"wp:attachment":[{"href":"https:\/\/www.rmieuropa.com\/es\/wp-json\/wp\/v2\/media?parent=3887"}],"curies":[{"name":"wp","href":"https:\/\/api.w.org\/{rel}","templated":true}]}}